{"id":17384,"date":"2024-12-30T19:18:10","date_gmt":"2024-12-30T19:18:10","guid":{"rendered":"https:\/\/productoorganicos.com.mx\/?page_id=17384"},"modified":"2025-01-27T04:00:02","modified_gmt":"2025-01-27T04:00:02","slug":"mascarilla-capilar-solida","status":"publish","type":"page","link":"https:\/\/productoorganicos.com.mx\/index.php\/mascarilla-capilar-solida\/","title":{"rendered":"Mascarilla Capilar S\u00f3lida"},"content":{"rendered":"\t\t<div data-elementor-type=\"wp-page\" data-elementor-id=\"17384\" class=\"elementor elementor-17384\">\n\t\t\t\t<div class=\"elementor-element elementor-element-4d59ac9 elementor-hidden-tablet elementor-hidden-mobile e-flex e-con-boxed e-con e-parent\" data-id=\"4d59ac9\" data-element_type=\"container\">\n\t\t\t\t\t<div class=\"e-con-inner\">\n\t\t<div class=\"elementor-element elementor-element-c26f38a e-con-full e-flex e-con e-child\" data-id=\"c26f38a\" data-element_type=\"container\">\n\t\t\t\t<div class=\"elementor-element elementor-element-52b7d79 elementor-widget elementor-widget-video\" data-id=\"52b7d79\" data-element_type=\"widget\" data-settings=\"{&quot;video_type&quot;:&quot;hosted&quot;,&quot;controls&quot;:&quot;yes&quot;}\" data-widget_type=\"video.default\">\n\t\t\t\t<div class=\"elementor-widget-container\">\n\t\t\t\t\t\t\t<div class=\"e-hosted-video elementor-wrapper elementor-open-inline\">\n\t\t\t\t\t<video class=\"elementor-video\" src=\"https:\/\/productoorganicos.com.mx\/wp-content\/uploads\/2024\/12\/14-1.mp4\" controls=\"\" preload=\"metadata\" controlsList=\"nodownload\"><\/video>\n\t\t\t\t<\/div>\n\t\t\t\t\t\t<\/div>\n\t\t\t\t<\/div>\n\t\t\t\t<\/div>\n\t\t<div class=\"elementor-element elementor-element-71b3e5f e-con-full e-flex e-con e-child\" data-id=\"71b3e5f\" data-element_type=\"container\">\n\t\t\t\t<div class=\"elementor-element elementor-element-bb48c8b elementor-widget elementor-widget-spacer\" data-id=\"bb48c8b\" data-element_type=\"widget\" data-widget_type=\"spacer.default\">\n\t\t\t\t<div class=\"elementor-widget-container\">\n\t\t\t\t\t\t\t<div class=\"elementor-spacer\">\n\t\t\t<div class=\"elementor-spacer-inner\"><\/div>\n\t\t<\/div>\n\t\t\t\t\t\t<\/div>\n\t\t\t\t<\/div>\n\t\t\t\t<div class=\"elementor-element elementor-element-0498459 wd-width-100 elementor-widget elementor-widget-wd_title\" data-id=\"0498459\" data-element_type=\"widget\" data-widget_type=\"wd_title.default\">\n\t\t\t\t<div class=\"elementor-widget-container\">\n\t\t\t\t\t\t\t<div class=\"title-wrapper set-mb-s reset-last-child wd-title-color-default wd-title-style-default wd-title-size-default text-center\">\n\n\t\t\t\n\t\t\t<div class=\"liner-continer\">\n\t\t\t\t<h4 class=\"woodmart-title-container title wd-fontsize-l\">Mascarilla Capilar S\u00f3lida<\/h4> \n\t\t\t\t\t\t\t<\/div>\n\n\t\t\t\t\t\t\t<div class=\"title-after_title set-cont-mb-s reset-last-child wd-fontsize-xs\">\n\t\t\t\t\t<p>Nuestras mascarillas capilares sirven para hidratar, para cerrar puntas abiertas, para controlar el frizz.<\/p><p>En un recipiente de cristal coloca 120 ml de agua hirviendo, posteriormente coloca la mascarilla en el recipiente y agita hasta que se disuelva, agita, agita, agita hasta que logres obtener una consistencia espesa, d\u00e9jala reposar por 5 minutos y LISTO ya estas listas para usarla. Te aseguro que te vas a divertir mucho al crearla.<\/p><p>Despu\u00e9s de ba\u00f1arte con el cabello semihumedo, distribuye la mascarilla de medias a puntas y d\u00e9jala reposar de 30 minutos a 1 hora. Por ultimo enjuaga tu cabello con agua fr\u00eda y observa su magia.<\/p>\t\t\t\t<\/div>\n\t\t\t\t\t<\/div>\n\t\t\t\t\t\t<\/div>\n\t\t\t\t<\/div>\n\t\t\t\t<\/div>\n\t\t\t\t\t<\/div>\n\t\t\t\t<\/div>\n\t\t<div class=\"elementor-element elementor-element-49d8228 elementor-hidden-desktop e-flex e-con-boxed e-con e-parent\" data-id=\"49d8228\" data-element_type=\"container\">\n\t\t\t\t\t<div class=\"e-con-inner\">\n\t\t<div class=\"elementor-element elementor-element-7d54d50 e-con-full e-flex e-con e-child\" data-id=\"7d54d50\" data-element_type=\"container\">\n\t\t\t\t<div class=\"elementor-element elementor-element-5bd2d4d elementor-widget elementor-widget-video\" data-id=\"5bd2d4d\" data-element_type=\"widget\" data-settings=\"{&quot;video_type&quot;:&quot;hosted&quot;,&quot;controls&quot;:&quot;yes&quot;}\" data-widget_type=\"video.default\">\n\t\t\t\t<div class=\"elementor-widget-container\">\n\t\t\t\t\t\t\t<div class=\"e-hosted-video elementor-wrapper elementor-open-inline\">\n\t\t\t\t\t<video class=\"elementor-video\" src=\"https:\/\/productoorganicos.com.mx\/wp-content\/uploads\/2024\/12\/14-1.mp4\" controls=\"\" preload=\"metadata\" controlsList=\"nodownload\"><\/video>\n\t\t\t\t<\/div>\n\t\t\t\t\t\t<\/div>\n\t\t\t\t<\/div>\n\t\t\t\t<\/div>\n\t\t<div class=\"elementor-element elementor-element-ad0e2d1 e-con-full e-flex e-con e-child\" data-id=\"ad0e2d1\" data-element_type=\"container\">\n\t\t\t\t<div class=\"elementor-element elementor-element-ba01629 elementor-widget elementor-widget-spacer\" data-id=\"ba01629\" data-element_type=\"widget\" data-widget_type=\"spacer.default\">\n\t\t\t\t<div class=\"elementor-widget-container\">\n\t\t\t\t\t\t\t<div class=\"elementor-spacer\">\n\t\t\t<div class=\"elementor-spacer-inner\"><\/div>\n\t\t<\/div>\n\t\t\t\t\t\t<\/div>\n\t\t\t\t<\/div>\n\t\t\t\t<div class=\"elementor-element elementor-element-1fa9be1 wd-width-100 elementor-widget elementor-widget-wd_title\" data-id=\"1fa9be1\" data-element_type=\"widget\" data-widget_type=\"wd_title.default\">\n\t\t\t\t<div class=\"elementor-widget-container\">\n\t\t\t\t\t\t\t<div class=\"title-wrapper set-mb-s reset-last-child wd-title-color-default wd-title-style-default wd-title-size-default text-center\">\n\n\t\t\t\n\t\t\t<div class=\"liner-continer\">\n\t\t\t\t<h4 class=\"woodmart-title-container title wd-fontsize-l\">Mascarilla Capilar S\u00f3lida<\/h4> \n\t\t\t\t\t\t\t<\/div>\n\n\t\t\t\t\t\t\t<div class=\"title-after_title set-cont-mb-s reset-last-child wd-fontsize-xs\">\n\t\t\t\t\t<p>Nuestras mascarillas capilares sirven para hidratar, para cerrar puntas abiertas, para controlar el frizz.<\/p><p>En un recipiente de cristal coloca 120 ml de agua hirviendo, posteriormente coloca la mascarilla en el recipiente y agita hasta que se disuelva, agita, agita, agita hasta que logres obtener una consistencia espesa, d\u00e9jala reposar por 5 minutos y LISTO ya estas listas para usarla. Te aseguro que te vas a divertir mucho al crearla.<\/p><p>Despu\u00e9s de ba\u00f1arte con el cabello semihumedo, distribuye la mascarilla de medias a puntas y d\u00e9jala reposar de 30 minutos a 1 hora. Por ultimo enjuaga tu cabello con agua fr\u00eda y observa su magia.<\/p>\t\t\t\t<\/div>\n\t\t\t\t\t<\/div>\n\t\t\t\t\t\t<\/div>\n\t\t\t\t<\/div>\n\t\t\t\t<\/div>\n\t\t\t\t\t<\/div>\n\t\t\t\t<\/div>\n\t\t\t\t<\/div>\n\t\t","protected":false},"excerpt":{"rendered":"<p>https:\/\/productoorganicos.com.mx\/wp-content\/uploads\/2024\/12\/14-1.mp4 Mascarilla Capilar S\u00f3lida Nuestras mascarillas capilares sirven para hidratar, para cerrar puntas abiertas, para controlar el frizz. En un<\/p>\n","protected":false},"author":1,"featured_media":0,"parent":0,"menu_order":0,"comment_status":"closed","ping_status":"closed","template":"elementor_header_footer","meta":{"_joinchat":[],"footnotes":""},"class_list":["post-17384","page","type-page","status-publish","hentry"],"_links":{"self":[{"href":"https:\/\/productoorganicos.com.mx\/index.php\/wp-json\/wp\/v2\/pages\/17384","targetHints":{"allow":["GET"]}}],"collection":[{"href":"https:\/\/productoorganicos.com.mx\/index.php\/wp-json\/wp\/v2\/pages"}],"about":[{"href":"https:\/\/productoorganicos.com.mx\/index.php\/wp-json\/wp\/v2\/types\/page"}],"author":[{"embeddable":true,"href":"https:\/\/productoorganicos.com.mx\/index.php\/wp-json\/wp\/v2\/users\/1"}],"replies":[{"embeddable":true,"href":"https:\/\/productoorganicos.com.mx\/index.php\/wp-json\/wp\/v2\/comments?post=17384"}],"version-history":[{"count":15,"href":"https:\/\/productoorganicos.com.mx\/index.php\/wp-json\/wp\/v2\/pages\/17384\/revisions"}],"predecessor-version":[{"id":17978,"href":"https:\/\/productoorganicos.com.mx\/index.php\/wp-json\/wp\/v2\/pages\/17384\/revisions\/17978"}],"wp:attachment":[{"href":"https:\/\/productoorganicos.com.mx\/index.php\/wp-json\/wp\/v2\/media?parent=17384"}],"curies":[{"name":"wp","href":"https:\/\/api.w.org\/{rel}","templated":true}]}}