{"id":17388,"date":"2024-12-30T19:43:32","date_gmt":"2024-12-30T19:43:32","guid":{"rendered":"https:\/\/productoorganicos.com.mx\/?page_id=17388"},"modified":"2025-01-21T02:47:02","modified_gmt":"2025-01-21T02:47:02","slug":"mascarilla-de-manos","status":"publish","type":"page","link":"https:\/\/productoorganicos.com.mx\/index.php\/mascarilla-de-manos\/","title":{"rendered":"Mascarilla de manos"},"content":{"rendered":"\t\t<div data-elementor-type=\"wp-page\" data-elementor-id=\"17388\" class=\"elementor elementor-17388\">\n\t\t\t\t<div class=\"elementor-element elementor-element-3bad6ea e-flex e-con-boxed e-con e-parent\" data-id=\"3bad6ea\" data-element_type=\"container\">\n\t\t\t\t\t<div class=\"e-con-inner\">\n\t\t<div class=\"elementor-element elementor-element-f11af79 e-con-full e-flex e-con e-child\" data-id=\"f11af79\" data-element_type=\"container\">\n\t\t\t\t<div class=\"elementor-element elementor-element-3d2e3af elementor-widget elementor-widget-video\" data-id=\"3d2e3af\" data-element_type=\"widget\" data-settings=\"{&quot;video_type&quot;:&quot;hosted&quot;,&quot;controls&quot;:&quot;yes&quot;}\" data-widget_type=\"video.default\">\n\t\t\t\t<div class=\"elementor-widget-container\">\n\t\t\t\t\t\t\t<div class=\"e-hosted-video elementor-wrapper elementor-open-inline\">\n\t\t\t\t\t<video class=\"elementor-video\" src=\"https:\/\/productoorganicos.com.mx\/wp-content\/uploads\/2025\/01\/8.mp4\" controls=\"\" preload=\"metadata\" controlsList=\"nodownload\"><\/video>\n\t\t\t\t<\/div>\n\t\t\t\t\t\t<\/div>\n\t\t\t\t<\/div>\n\t\t\t\t<\/div>\n\t\t<div class=\"elementor-element elementor-element-0cdafb8 e-con-full e-flex e-con e-child\" data-id=\"0cdafb8\" data-element_type=\"container\">\n\t\t\t\t<div class=\"elementor-element elementor-element-bb48c8b elementor-widget elementor-widget-spacer\" data-id=\"bb48c8b\" data-element_type=\"widget\" data-widget_type=\"spacer.default\">\n\t\t\t\t<div class=\"elementor-widget-container\">\n\t\t\t\t\t\t\t<div class=\"elementor-spacer\">\n\t\t\t<div class=\"elementor-spacer-inner\"><\/div>\n\t\t<\/div>\n\t\t\t\t\t\t<\/div>\n\t\t\t\t<\/div>\n\t\t\t\t<div class=\"elementor-element elementor-element-0498459 wd-width-100 elementor-widget elementor-widget-wd_title\" data-id=\"0498459\" data-element_type=\"widget\" data-widget_type=\"wd_title.default\">\n\t\t\t\t<div class=\"elementor-widget-container\">\n\t\t\t\t\t\t\t<div class=\"title-wrapper set-mb-s reset-last-child wd-title-color-default wd-title-style-default wd-title-size-default text-center\">\n\n\t\t\t\n\t\t\t<div class=\"liner-continer\">\n\t\t\t\t<h4 class=\"woodmart-title-container title wd-fontsize-l\">Mascarilla de Manos<\/h4> \n\t\t\t\t\t\t\t<\/div>\n\n\t\t\t\t\t\t\t<div class=\"title-after_title set-cont-mb-s reset-last-child wd-fontsize-xs\">\n\t\t\t\t\t<p>Sab\u00edas que nuestras mascarillas est\u00e1n elaboradas a base de mantecas con romero, y las dejamos reposar por medio a\u00f1o. Este proceso se hace con la intensi\u00f3n de que el romero absorba generosamente sus propiedades en nuestra piel, dej\u00e1ndola m\u00e1s suave, hidratada, tonificada y nutrida.<\/p><p>\u00a1Su modo de uso, es simple! Solo toma con tu dedito ligeramente el producto y distrib\u00fayela alrededor de tus manos y si te hace falta coloca un poquito m\u00e1s y Listo! La puedes colocar las veces que sean necesarias.<\/p>\t\t\t\t<\/div>\n\t\t\t\t\t<\/div>\n\t\t\t\t\t\t<\/div>\n\t\t\t\t<\/div>\n\t\t\t\t<\/div>\n\t\t\t\t\t<\/div>\n\t\t\t\t<\/div>\n\t\t\t\t<\/div>\n\t\t","protected":false},"excerpt":{"rendered":"<p>https:\/\/productoorganicos.com.mx\/wp-content\/uploads\/2025\/01\/8.mp4 Mascarilla de Manos Sab\u00edas que nuestras mascarillas est\u00e1n elaboradas a base de mantecas con romero, y las dejamos reposar<\/p>\n","protected":false},"author":1,"featured_media":0,"parent":0,"menu_order":0,"comment_status":"closed","ping_status":"closed","template":"elementor_header_footer","meta":{"_joinchat":[],"footnotes":""},"class_list":["post-17388","page","type-page","status-publish","hentry"],"_links":{"self":[{"href":"https:\/\/productoorganicos.com.mx\/index.php\/wp-json\/wp\/v2\/pages\/17388","targetHints":{"allow":["GET"]}}],"collection":[{"href":"https:\/\/productoorganicos.com.mx\/index.php\/wp-json\/wp\/v2\/pages"}],"about":[{"href":"https:\/\/productoorganicos.com.mx\/index.php\/wp-json\/wp\/v2\/types\/page"}],"author":[{"embeddable":true,"href":"https:\/\/productoorganicos.com.mx\/index.php\/wp-json\/wp\/v2\/users\/1"}],"replies":[{"embeddable":true,"href":"https:\/\/productoorganicos.com.mx\/index.php\/wp-json\/wp\/v2\/comments?post=17388"}],"version-history":[{"count":10,"href":"https:\/\/productoorganicos.com.mx\/index.php\/wp-json\/wp\/v2\/pages\/17388\/revisions"}],"predecessor-version":[{"id":17559,"href":"https:\/\/productoorganicos.com.mx\/index.php\/wp-json\/wp\/v2\/pages\/17388\/revisions\/17559"}],"wp:attachment":[{"href":"https:\/\/productoorganicos.com.mx\/index.php\/wp-json\/wp\/v2\/media?parent=17388"}],"curies":[{"name":"wp","href":"https:\/\/api.w.org\/{rel}","templated":true}]}}