{"id":17390,"date":"2024-12-30T19:20:44","date_gmt":"2024-12-30T19:20:44","guid":{"rendered":"https:\/\/productoorganicos.com.mx\/?page_id=17390"},"modified":"2025-01-27T04:06:31","modified_gmt":"2025-01-27T04:06:31","slug":"mascarilla-facial","status":"publish","type":"page","link":"https:\/\/productoorganicos.com.mx\/index.php\/mascarilla-facial\/","title":{"rendered":"Mascarilla facial"},"content":{"rendered":"\t\t<div data-elementor-type=\"wp-page\" data-elementor-id=\"17390\" class=\"elementor elementor-17390\">\n\t\t\t\t<div class=\"elementor-element elementor-element-92772ea elementor-hidden-tablet elementor-hidden-mobile e-flex e-con-boxed e-con e-parent\" data-id=\"92772ea\" data-element_type=\"container\">\n\t\t\t\t\t<div class=\"e-con-inner\">\n\t\t<div class=\"elementor-element elementor-element-57591b1 e-con-full e-flex e-con e-child\" data-id=\"57591b1\" data-element_type=\"container\">\n\t\t\t\t<div class=\"elementor-element elementor-element-da56fd9 elementor-widget elementor-widget-spacer\" data-id=\"da56fd9\" data-element_type=\"widget\" data-widget_type=\"spacer.default\">\n\t\t\t\t<div class=\"elementor-widget-container\">\n\t\t\t\t\t\t\t<div class=\"elementor-spacer\">\n\t\t\t<div class=\"elementor-spacer-inner\"><\/div>\n\t\t<\/div>\n\t\t\t\t\t\t<\/div>\n\t\t\t\t<\/div>\n\t\t\t\t<div class=\"elementor-element elementor-element-5d46716 elementor-widget elementor-widget-video\" data-id=\"5d46716\" data-element_type=\"widget\" data-settings=\"{&quot;video_type&quot;:&quot;hosted&quot;,&quot;controls&quot;:&quot;yes&quot;}\" data-widget_type=\"video.default\">\n\t\t\t\t<div class=\"elementor-widget-container\">\n\t\t\t\t\t\t\t<div class=\"e-hosted-video elementor-wrapper elementor-open-inline\">\n\t\t\t\t\t<video class=\"elementor-video\" src=\"https:\/\/productoorganicos.com.mx\/wp-content\/uploads\/2025\/01\/13.mp4\" controls=\"\" preload=\"metadata\" controlsList=\"nodownload\"><\/video>\n\t\t\t\t<\/div>\n\t\t\t\t\t\t<\/div>\n\t\t\t\t<\/div>\n\t\t\t\t<\/div>\n\t\t<div class=\"elementor-element elementor-element-359c69e e-con-full e-flex e-con e-child\" data-id=\"359c69e\" data-element_type=\"container\">\n\t\t\t\t<div class=\"elementor-element elementor-element-6aa8bcb elementor-widget elementor-widget-spacer\" data-id=\"6aa8bcb\" data-element_type=\"widget\" data-widget_type=\"spacer.default\">\n\t\t\t\t<div class=\"elementor-widget-container\">\n\t\t\t\t\t\t\t<div class=\"elementor-spacer\">\n\t\t\t<div class=\"elementor-spacer-inner\"><\/div>\n\t\t<\/div>\n\t\t\t\t\t\t<\/div>\n\t\t\t\t<\/div>\n\t\t\t\t<div class=\"elementor-element elementor-element-0498459 wd-width-100 elementor-widget elementor-widget-wd_title\" data-id=\"0498459\" data-element_type=\"widget\" data-widget_type=\"wd_title.default\">\n\t\t\t\t<div class=\"elementor-widget-container\">\n\t\t\t\t\t\t\t<div class=\"title-wrapper set-mb-s reset-last-child wd-title-color-default wd-title-style-default wd-title-size-default text-center\">\n\n\t\t\t\n\t\t\t<div class=\"liner-continer\">\n\t\t\t\t<h4 class=\"woodmart-title-container title wd-fontsize-l\">Mascarilla Facial<\/h4> \n\t\t\t\t\t\t\t<\/div>\n\n\t\t\t\t\t\t\t<div class=\"title-after_title set-cont-mb-s reset-last-child wd-fontsize-xs\">\n\t\t\t\t\t<p>Nuestras mascarillas son muy f\u00e1ciles de preparar. Solamente necesitas tener 3 cosas, un platito donde puedas colocar la mascarilla, agua caliente para mezclar y la mascarilla de tu preferencia. Y comencemos\u2026<\/p><p>Para preparar la mascarilla es muy f\u00e1cil, coloca en un recipiente una cucharada cafetera de tu mascarilla favorita, despu\u00e9s mezcla la mascarilla con el agua caliente hasta que te quede una consistencia pastosa y eso ser\u00eda todo.<\/p><p>Para usarla, con cara lavada distribuye la mascarilla en toda tu carita cuidando el contorno de los ojos. D\u00e9jala reposar hasta que la mascarilla se haya secado, por ultimo ret\u00edrate la mascarilla con agua fr\u00eda, de preferencia con movimientos circulares suaves hasta quitarla por completo.\u00a0<\/p>\t\t\t\t<\/div>\n\t\t\t\t\t<\/div>\n\t\t\t\t\t\t<\/div>\n\t\t\t\t<\/div>\n\t\t\t\t<\/div>\n\t\t\t\t\t<\/div>\n\t\t\t\t<\/div>\n\t\t<div class=\"elementor-element elementor-element-5cd7992 elementor-hidden-desktop e-flex e-con-boxed e-con e-parent\" data-id=\"5cd7992\" data-element_type=\"container\">\n\t\t\t\t\t<div class=\"e-con-inner\">\n\t\t<div class=\"elementor-element elementor-element-2a82e27 e-con-full e-flex e-con e-child\" data-id=\"2a82e27\" data-element_type=\"container\">\n\t\t\t\t<div class=\"elementor-element elementor-element-01de9b5 elementor-widget elementor-widget-video\" data-id=\"01de9b5\" data-element_type=\"widget\" data-settings=\"{&quot;video_type&quot;:&quot;hosted&quot;,&quot;controls&quot;:&quot;yes&quot;}\" data-widget_type=\"video.default\">\n\t\t\t\t<div class=\"elementor-widget-container\">\n\t\t\t\t\t\t\t<div class=\"e-hosted-video elementor-wrapper elementor-open-inline\">\n\t\t\t\t\t<video class=\"elementor-video\" src=\"https:\/\/productoorganicos.com.mx\/wp-content\/uploads\/2025\/01\/13.mp4\" controls=\"\" preload=\"metadata\" controlsList=\"nodownload\"><\/video>\n\t\t\t\t<\/div>\n\t\t\t\t\t\t<\/div>\n\t\t\t\t<\/div>\n\t\t\t\t<\/div>\n\t\t<div class=\"elementor-element elementor-element-76fbf5e e-con-full e-flex e-con e-child\" data-id=\"76fbf5e\" data-element_type=\"container\">\n\t\t\t\t<div class=\"elementor-element elementor-element-411d246 elementor-widget elementor-widget-spacer\" data-id=\"411d246\" data-element_type=\"widget\" data-widget_type=\"spacer.default\">\n\t\t\t\t<div class=\"elementor-widget-container\">\n\t\t\t\t\t\t\t<div class=\"elementor-spacer\">\n\t\t\t<div class=\"elementor-spacer-inner\"><\/div>\n\t\t<\/div>\n\t\t\t\t\t\t<\/div>\n\t\t\t\t<\/div>\n\t\t\t\t<div class=\"elementor-element elementor-element-12df7a4 wd-width-100 elementor-widget elementor-widget-wd_title\" data-id=\"12df7a4\" data-element_type=\"widget\" data-widget_type=\"wd_title.default\">\n\t\t\t\t<div class=\"elementor-widget-container\">\n\t\t\t\t\t\t\t<div class=\"title-wrapper set-mb-s reset-last-child wd-title-color-default wd-title-style-default wd-title-size-default text-center\">\n\n\t\t\t\n\t\t\t<div class=\"liner-continer\">\n\t\t\t\t<h4 class=\"woodmart-title-container title wd-fontsize-l\">Mascarilla Facial<\/h4> \n\t\t\t\t\t\t\t<\/div>\n\n\t\t\t\t\t\t\t<div class=\"title-after_title set-cont-mb-s reset-last-child wd-fontsize-xs\">\n\t\t\t\t\t<p>Nuestras mascarillas son muy f\u00e1ciles de preparar. Solamente necesitas tener 3 cosas, un platito donde puedas colocar la mascarilla, agua caliente para mezclar y la mascarilla de tu preferencia. Y comencemos\u2026<\/p><p>Para preparar la mascarilla es muy f\u00e1cil, coloca en un recipiente una cucharada cafetera de tu mascarilla favorita, despu\u00e9s mezcla la mascarilla con el agua caliente hasta que te quede una consistencia pastosa y eso ser\u00eda todo.<\/p><p>Para usarla, con cara lavada distribuye la mascarilla en toda tu carita cuidando el contorno de los ojos. D\u00e9jala reposar hasta que la mascarilla se haya secado, por ultimo ret\u00edrate la mascarilla con agua fr\u00eda, de preferencia con movimientos circulares suaves hasta quitarla por completo.\u00a0<\/p>\t\t\t\t<\/div>\n\t\t\t\t\t<\/div>\n\t\t\t\t\t\t<\/div>\n\t\t\t\t<\/div>\n\t\t\t\t<\/div>\n\t\t\t\t\t<\/div>\n\t\t\t\t<\/div>\n\t\t\t\t<\/div>\n\t\t","protected":false},"excerpt":{"rendered":"<p>https:\/\/productoorganicos.com.mx\/wp-content\/uploads\/2025\/01\/13.mp4 Mascarilla Facial Nuestras mascarillas son muy f\u00e1ciles de preparar. Solamente necesitas tener 3 cosas, un platito donde puedas colocar<\/p>\n","protected":false},"author":1,"featured_media":0,"parent":0,"menu_order":0,"comment_status":"closed","ping_status":"closed","template":"elementor_header_footer","meta":{"_joinchat":[],"footnotes":""},"class_list":["post-17390","page","type-page","status-publish","hentry"],"_links":{"self":[{"href":"https:\/\/productoorganicos.com.mx\/index.php\/wp-json\/wp\/v2\/pages\/17390","targetHints":{"allow":["GET"]}}],"collection":[{"href":"https:\/\/productoorganicos.com.mx\/index.php\/wp-json\/wp\/v2\/pages"}],"about":[{"href":"https:\/\/productoorganicos.com.mx\/index.php\/wp-json\/wp\/v2\/types\/page"}],"author":[{"embeddable":true,"href":"https:\/\/productoorganicos.com.mx\/index.php\/wp-json\/wp\/v2\/users\/1"}],"replies":[{"embeddable":true,"href":"https:\/\/productoorganicos.com.mx\/index.php\/wp-json\/wp\/v2\/comments?post=17390"}],"version-history":[{"count":13,"href":"https:\/\/productoorganicos.com.mx\/index.php\/wp-json\/wp\/v2\/pages\/17390\/revisions"}],"predecessor-version":[{"id":17628,"href":"https:\/\/productoorganicos.com.mx\/index.php\/wp-json\/wp\/v2\/pages\/17390\/revisions\/17628"}],"wp:attachment":[{"href":"https:\/\/productoorganicos.com.mx\/index.php\/wp-json\/wp\/v2\/media?parent=17390"}],"curies":[{"name":"wp","href":"https:\/\/api.w.org\/{rel}","templated":true}]}}