{"id":17392,"date":"2024-12-30T19:21:36","date_gmt":"2024-12-30T19:21:36","guid":{"rendered":"https:\/\/productoorganicos.com.mx\/?page_id=17392"},"modified":"2025-01-27T04:08:27","modified_gmt":"2025-01-27T04:08:27","slug":"jabon-facial","status":"publish","type":"page","link":"https:\/\/productoorganicos.com.mx\/index.php\/jabon-facial\/","title":{"rendered":"Jab\u00f3n Facial"},"content":{"rendered":"\t\t<div data-elementor-type=\"wp-page\" data-elementor-id=\"17392\" class=\"elementor elementor-17392\">\n\t\t\t\t<div class=\"elementor-element elementor-element-4d59ac9 elementor-hidden-tablet elementor-hidden-mobile e-flex e-con-boxed e-con e-parent\" data-id=\"4d59ac9\" data-element_type=\"container\">\n\t\t\t\t\t<div class=\"e-con-inner\">\n\t\t<div class=\"elementor-element elementor-element-c26f38a e-con-full e-flex e-con e-child\" data-id=\"c26f38a\" data-element_type=\"container\">\n\t\t\t\t<div class=\"elementor-element elementor-element-52b7d79 elementor-widget elementor-widget-video\" data-id=\"52b7d79\" data-element_type=\"widget\" data-settings=\"{&quot;video_type&quot;:&quot;hosted&quot;,&quot;controls&quot;:&quot;yes&quot;}\" data-widget_type=\"video.default\">\n\t\t\t\t<div class=\"elementor-widget-container\">\n\t\t\t\t\t\t\t<div class=\"e-hosted-video elementor-wrapper elementor-open-inline\">\n\t\t\t\t\t<video class=\"elementor-video\" src=\"https:\/\/productoorganicos.com.mx\/wp-content\/uploads\/2024\/12\/4.mp4\" controls=\"\" preload=\"metadata\" controlsList=\"nodownload\"><\/video>\n\t\t\t\t<\/div>\n\t\t\t\t\t\t<\/div>\n\t\t\t\t<\/div>\n\t\t\t\t<\/div>\n\t\t<div class=\"elementor-element elementor-element-71b3e5f e-con-full e-flex e-con e-child\" data-id=\"71b3e5f\" data-element_type=\"container\">\n\t\t\t\t<div class=\"elementor-element elementor-element-bb48c8b elementor-widget elementor-widget-spacer\" data-id=\"bb48c8b\" data-element_type=\"widget\" data-widget_type=\"spacer.default\">\n\t\t\t\t<div class=\"elementor-widget-container\">\n\t\t\t\t\t\t\t<div class=\"elementor-spacer\">\n\t\t\t<div class=\"elementor-spacer-inner\"><\/div>\n\t\t<\/div>\n\t\t\t\t\t\t<\/div>\n\t\t\t\t<\/div>\n\t\t\t\t<div class=\"elementor-element elementor-element-0498459 wd-width-100 elementor-widget elementor-widget-wd_title\" data-id=\"0498459\" data-element_type=\"widget\" data-widget_type=\"wd_title.default\">\n\t\t\t\t<div class=\"elementor-widget-container\">\n\t\t\t\t\t\t\t<div class=\"title-wrapper set-mb-s reset-last-child wd-title-color-default wd-title-style-default wd-title-size-default text-center\">\n\n\t\t\t\n\t\t\t<div class=\"liner-continer\">\n\t\t\t\t<h4 class=\"woodmart-title-container title wd-fontsize-l\">Jab\u00f3n Facial<\/h4> \n\t\t\t\t\t\t\t<\/div>\n\n\t\t\t\t\t\t\t<div class=\"title-after_title set-cont-mb-s reset-last-child wd-fontsize-xs\">\n\t\t\t\t\t<p>Nuestros jaboncitos f\u00e1ciles al estar hechos de glicerina de coco los hace ser m\u00e1s amigables para todo tipo de piel.<\/p><p>Y de igual manera su aplicaci\u00f3n es muy sencilla. Solo moja tu carita antes de dormir, puedes frotar directamente el jab\u00f3n en tu carita o puedes frotarlo con las manos y la espuma que generes distrib\u00fayela en tu carita, de las dos maneras deja reposar la espuma un minuto con masajes suaves y despu\u00e9s enjuaga. \u00a1Verdad que fue f\u00e1cil!<\/p>\t\t\t\t<\/div>\n\t\t\t\t\t<\/div>\n\t\t\t\t\t\t<\/div>\n\t\t\t\t<\/div>\n\t\t\t\t<\/div>\n\t\t\t\t\t<\/div>\n\t\t\t\t<\/div>\n\t\t<div class=\"elementor-element elementor-element-71f171d elementor-hidden-desktop e-flex e-con-boxed e-con e-parent\" data-id=\"71f171d\" data-element_type=\"container\">\n\t\t\t\t\t<div class=\"e-con-inner\">\n\t\t<div class=\"elementor-element elementor-element-ee41de6 e-con-full e-flex e-con e-child\" data-id=\"ee41de6\" data-element_type=\"container\">\n\t\t\t\t<div class=\"elementor-element elementor-element-44c087b elementor-widget elementor-widget-video\" data-id=\"44c087b\" data-element_type=\"widget\" data-settings=\"{&quot;video_type&quot;:&quot;hosted&quot;,&quot;controls&quot;:&quot;yes&quot;}\" data-widget_type=\"video.default\">\n\t\t\t\t<div class=\"elementor-widget-container\">\n\t\t\t\t\t\t\t<div class=\"e-hosted-video elementor-wrapper elementor-open-inline\">\n\t\t\t\t\t<video class=\"elementor-video\" src=\"https:\/\/productoorganicos.com.mx\/wp-content\/uploads\/2024\/12\/4.mp4\" controls=\"\" preload=\"metadata\" controlsList=\"nodownload\"><\/video>\n\t\t\t\t<\/div>\n\t\t\t\t\t\t<\/div>\n\t\t\t\t<\/div>\n\t\t\t\t<\/div>\n\t\t<div class=\"elementor-element elementor-element-59850de e-con-full e-flex e-con e-child\" data-id=\"59850de\" data-element_type=\"container\">\n\t\t\t\t<div class=\"elementor-element elementor-element-78043ac elementor-widget elementor-widget-spacer\" data-id=\"78043ac\" data-element_type=\"widget\" data-widget_type=\"spacer.default\">\n\t\t\t\t<div class=\"elementor-widget-container\">\n\t\t\t\t\t\t\t<div class=\"elementor-spacer\">\n\t\t\t<div class=\"elementor-spacer-inner\"><\/div>\n\t\t<\/div>\n\t\t\t\t\t\t<\/div>\n\t\t\t\t<\/div>\n\t\t\t\t<div class=\"elementor-element elementor-element-9517636 wd-width-100 elementor-widget elementor-widget-wd_title\" data-id=\"9517636\" data-element_type=\"widget\" data-widget_type=\"wd_title.default\">\n\t\t\t\t<div class=\"elementor-widget-container\">\n\t\t\t\t\t\t\t<div class=\"title-wrapper set-mb-s reset-last-child wd-title-color-default wd-title-style-default wd-title-size-default text-center\">\n\n\t\t\t\n\t\t\t<div class=\"liner-continer\">\n\t\t\t\t<h4 class=\"woodmart-title-container title wd-fontsize-l\">Jab\u00f3n Facial<\/h4> \n\t\t\t\t\t\t\t<\/div>\n\n\t\t\t\t\t\t\t<div class=\"title-after_title set-cont-mb-s reset-last-child wd-fontsize-xs\">\n\t\t\t\t\t<p>Nuestros jaboncitos f\u00e1ciles al estar hechos de glicerina de coco los hace ser m\u00e1s amigables para todo tipo de piel.<\/p><p>Y de igual manera su aplicaci\u00f3n es muy sencilla. Solo moja tu carita antes de dormir, puedes frotar directamente el jab\u00f3n en tu carita o puedes frotarlo con las manos y la espuma que generes distrib\u00fayela en tu carita, de las dos maneras deja reposar la espuma un minuto con masajes suaves y despu\u00e9s enjuaga. \u00a1Verdad que fue f\u00e1cil!<\/p>\t\t\t\t<\/div>\n\t\t\t\t\t<\/div>\n\t\t\t\t\t\t<\/div>\n\t\t\t\t<\/div>\n\t\t\t\t<\/div>\n\t\t\t\t\t<\/div>\n\t\t\t\t<\/div>\n\t\t\t\t<\/div>\n\t\t","protected":false},"excerpt":{"rendered":"<p>https:\/\/productoorganicos.com.mx\/wp-content\/uploads\/2024\/12\/4.mp4 Jab\u00f3n Facial Nuestros jaboncitos f\u00e1ciles al estar hechos de glicerina de coco los hace ser m\u00e1s amigables para todo<\/p>\n","protected":false},"author":1,"featured_media":0,"parent":0,"menu_order":0,"comment_status":"closed","ping_status":"closed","template":"elementor_header_footer","meta":{"_joinchat":[],"footnotes":""},"class_list":["post-17392","page","type-page","status-publish","hentry"],"_links":{"self":[{"href":"https:\/\/productoorganicos.com.mx\/index.php\/wp-json\/wp\/v2\/pages\/17392","targetHints":{"allow":["GET"]}}],"collection":[{"href":"https:\/\/productoorganicos.com.mx\/index.php\/wp-json\/wp\/v2\/pages"}],"about":[{"href":"https:\/\/productoorganicos.com.mx\/index.php\/wp-json\/wp\/v2\/types\/page"}],"author":[{"embeddable":true,"href":"https:\/\/productoorganicos.com.mx\/index.php\/wp-json\/wp\/v2\/users\/1"}],"replies":[{"embeddable":true,"href":"https:\/\/productoorganicos.com.mx\/index.php\/wp-json\/wp\/v2\/comments?post=17392"}],"version-history":[{"count":10,"href":"https:\/\/productoorganicos.com.mx\/index.php\/wp-json\/wp\/v2\/pages\/17392\/revisions"}],"predecessor-version":[{"id":17631,"href":"https:\/\/productoorganicos.com.mx\/index.php\/wp-json\/wp\/v2\/pages\/17392\/revisions\/17631"}],"wp:attachment":[{"href":"https:\/\/productoorganicos.com.mx\/index.php\/wp-json\/wp\/v2\/media?parent=17392"}],"curies":[{"name":"wp","href":"https:\/\/api.w.org\/{rel}","templated":true}]}}