{"id":17394,"date":"2024-12-30T19:22:01","date_gmt":"2024-12-30T19:22:01","guid":{"rendered":"https:\/\/productoorganicos.com.mx\/?page_id=17394"},"modified":"2025-01-21T02:49:03","modified_gmt":"2025-01-21T02:49:03","slug":"exfoliates-de-miel","status":"publish","type":"page","link":"https:\/\/productoorganicos.com.mx\/index.php\/exfoliates-de-miel\/","title":{"rendered":"Exfoliantes de Miel"},"content":{"rendered":"\t\t<div data-elementor-type=\"wp-page\" data-elementor-id=\"17394\" class=\"elementor elementor-17394\">\n\t\t\t\t<div class=\"elementor-element elementor-element-4a6aa70 e-flex e-con-boxed e-con e-parent\" data-id=\"4a6aa70\" data-element_type=\"container\">\n\t\t\t\t\t<div class=\"e-con-inner\">\n\t\t<div class=\"elementor-element elementor-element-12a5e86 e-con-full e-flex e-con e-child\" data-id=\"12a5e86\" data-element_type=\"container\">\n\t\t\t\t<div class=\"elementor-element elementor-element-35c3064 elementor-widget elementor-widget-video\" data-id=\"35c3064\" data-element_type=\"widget\" data-settings=\"{&quot;video_type&quot;:&quot;hosted&quot;,&quot;controls&quot;:&quot;yes&quot;}\" data-widget_type=\"video.default\">\n\t\t\t\t<div class=\"elementor-widget-container\">\n\t\t\t\t\t\t\t<div class=\"e-hosted-video elementor-wrapper elementor-open-inline\">\n\t\t\t\t\t<video class=\"elementor-video\" src=\"https:\/\/productoorganicos.com.mx\/wp-content\/uploads\/2025\/01\/7.mp4\" controls=\"\" preload=\"metadata\" controlsList=\"nodownload\"><\/video>\n\t\t\t\t<\/div>\n\t\t\t\t\t\t<\/div>\n\t\t\t\t<\/div>\n\t\t\t\t<\/div>\n\t\t<div class=\"elementor-element elementor-element-a3e057f e-con-full e-flex e-con e-child\" data-id=\"a3e057f\" data-element_type=\"container\">\n\t\t\t\t<div class=\"elementor-element elementor-element-60b6ddf elementor-widget elementor-widget-spacer\" data-id=\"60b6ddf\" data-element_type=\"widget\" data-widget_type=\"spacer.default\">\n\t\t\t\t<div class=\"elementor-widget-container\">\n\t\t\t\t\t\t\t<div class=\"elementor-spacer\">\n\t\t\t<div class=\"elementor-spacer-inner\"><\/div>\n\t\t<\/div>\n\t\t\t\t\t\t<\/div>\n\t\t\t\t<\/div>\n\t\t\t\t<div class=\"elementor-element elementor-element-0498459 wd-width-100 elementor-widget elementor-widget-wd_title\" data-id=\"0498459\" data-element_type=\"widget\" data-widget_type=\"wd_title.default\">\n\t\t\t\t<div class=\"elementor-widget-container\">\n\t\t\t\t\t\t\t<div class=\"title-wrapper set-mb-s reset-last-child wd-title-color-default wd-title-style-default wd-title-size-default text-center\">\n\n\t\t\t\n\t\t\t<div class=\"liner-continer\">\n\t\t\t\t<h4 class=\"woodmart-title-container title wd-fontsize-l\">Exfoliante<\/h4> \n\t\t\t\t\t\t\t<\/div>\n\n\t\t\t\t\t\t\t<div class=\"title-after_title set-cont-mb-s reset-last-child wd-fontsize-xs\">\n\t\t\t\t\t<p>Si te gusta sentir una exfoliaci\u00f3n m\u00e1s intensa, que te ofrezca una hidrataci\u00f3n profunda y al mismo tiempo te deje una piel suave. Te van a encantar nuestros exfoliantes a base de miel con cera de abeja.<\/p><p>Solo toma una cucharada de tu exfoliante y col\u00f3cala en la palma de tu mano, con el cuerpo h\u00famedo empieza a distribuirla poco a poco iniciando de pies a cabeza, ojo aqu\u00ed; recuerda que la exfoliaci\u00f3n consiste en darte masajes suaves y lentos, de abajo hacia arriba y procura dejarla reposar unos minutos para que tu piel absorba mejor sus propiedades. \u00a1Lo vas amar!<\/p>\t\t\t\t<\/div>\n\t\t\t\t\t<\/div>\n\t\t\t\t\t\t<\/div>\n\t\t\t\t<\/div>\n\t\t\t\t<\/div>\n\t\t\t\t\t<\/div>\n\t\t\t\t<\/div>\n\t\t\t\t<\/div>\n\t\t","protected":false},"excerpt":{"rendered":"<p>https:\/\/productoorganicos.com.mx\/wp-content\/uploads\/2025\/01\/7.mp4 Exfoliante Si te gusta sentir una exfoliaci\u00f3n m\u00e1s intensa, que te ofrezca una hidrataci\u00f3n profunda y al mismo tiempo<\/p>\n","protected":false},"author":1,"featured_media":0,"parent":0,"menu_order":0,"comment_status":"closed","ping_status":"closed","template":"elementor_header_footer","meta":{"_joinchat":[],"footnotes":""},"class_list":["post-17394","page","type-page","status-publish","hentry"],"_links":{"self":[{"href":"https:\/\/productoorganicos.com.mx\/index.php\/wp-json\/wp\/v2\/pages\/17394","targetHints":{"allow":["GET"]}}],"collection":[{"href":"https:\/\/productoorganicos.com.mx\/index.php\/wp-json\/wp\/v2\/pages"}],"about":[{"href":"https:\/\/productoorganicos.com.mx\/index.php\/wp-json\/wp\/v2\/types\/page"}],"author":[{"embeddable":true,"href":"https:\/\/productoorganicos.com.mx\/index.php\/wp-json\/wp\/v2\/users\/1"}],"replies":[{"embeddable":true,"href":"https:\/\/productoorganicos.com.mx\/index.php\/wp-json\/wp\/v2\/comments?post=17394"}],"version-history":[{"count":8,"href":"https:\/\/productoorganicos.com.mx\/index.php\/wp-json\/wp\/v2\/pages\/17394\/revisions"}],"predecessor-version":[{"id":17565,"href":"https:\/\/productoorganicos.com.mx\/index.php\/wp-json\/wp\/v2\/pages\/17394\/revisions\/17565"}],"wp:attachment":[{"href":"https:\/\/productoorganicos.com.mx\/index.php\/wp-json\/wp\/v2\/media?parent=17394"}],"curies":[{"name":"wp","href":"https:\/\/api.w.org\/{rel}","templated":true}]}}