{"id":17396,"date":"2024-12-30T19:22:30","date_gmt":"2024-12-30T19:22:30","guid":{"rendered":"https:\/\/productoorganicos.com.mx\/?page_id=17396"},"modified":"2025-01-21T02:55:10","modified_gmt":"2025-01-21T02:55:10","slug":"cepillo-corporal","status":"publish","type":"page","link":"https:\/\/productoorganicos.com.mx\/index.php\/cepillo-corporal\/","title":{"rendered":"Cepillo Corporal"},"content":{"rendered":"\t\t<div data-elementor-type=\"wp-page\" data-elementor-id=\"17396\" class=\"elementor elementor-17396\">\n\t\t\t\t<div class=\"elementor-element elementor-element-4d59ac9 e-flex e-con-boxed e-con e-parent\" data-id=\"4d59ac9\" data-element_type=\"container\">\n\t\t\t\t\t<div class=\"e-con-inner\">\n\t\t<div class=\"elementor-element elementor-element-c26f38a e-con-full e-flex e-con e-child\" data-id=\"c26f38a\" data-element_type=\"container\">\n\t\t\t\t<div class=\"elementor-element elementor-element-52b7d79 elementor-widget elementor-widget-video\" data-id=\"52b7d79\" data-element_type=\"widget\" data-settings=\"{&quot;video_type&quot;:&quot;hosted&quot;,&quot;controls&quot;:&quot;yes&quot;}\" data-widget_type=\"video.default\">\n\t\t\t\t<div class=\"elementor-widget-container\">\n\t\t\t\t\t\t\t<div class=\"e-hosted-video elementor-wrapper elementor-open-inline\">\n\t\t\t\t\t<video class=\"elementor-video\" src=\"https:\/\/productoorganicos.com.mx\/wp-content\/uploads\/2024\/12\/5.mp4\" controls=\"\" preload=\"metadata\" controlsList=\"nodownload\"><\/video>\n\t\t\t\t<\/div>\n\t\t\t\t\t\t<\/div>\n\t\t\t\t<\/div>\n\t\t\t\t<\/div>\n\t\t<div class=\"elementor-element elementor-element-71b3e5f e-con-full e-flex e-con e-child\" data-id=\"71b3e5f\" data-element_type=\"container\">\n\t\t\t\t<div class=\"elementor-element elementor-element-bb48c8b elementor-widget elementor-widget-spacer\" data-id=\"bb48c8b\" data-element_type=\"widget\" data-widget_type=\"spacer.default\">\n\t\t\t\t<div class=\"elementor-widget-container\">\n\t\t\t\t\t\t\t<div class=\"elementor-spacer\">\n\t\t\t<div class=\"elementor-spacer-inner\"><\/div>\n\t\t<\/div>\n\t\t\t\t\t\t<\/div>\n\t\t\t\t<\/div>\n\t\t\t\t<div class=\"elementor-element elementor-element-0498459 wd-width-100 elementor-widget elementor-widget-wd_title\" data-id=\"0498459\" data-element_type=\"widget\" data-widget_type=\"wd_title.default\">\n\t\t\t\t<div class=\"elementor-widget-container\">\n\t\t\t\t\t\t\t<div class=\"title-wrapper set-mb-s reset-last-child wd-title-color-default wd-title-style-default wd-title-size-default text-center\">\n\n\t\t\t\n\t\t\t<div class=\"liner-continer\">\n\t\t\t\t<h4 class=\"woodmart-title-container title wd-fontsize-l\">Cepillo Corporal<\/h4> \n\t\t\t\t\t\t\t<\/div>\n\n\t\t\t\t\t\t\t<div class=\"title-after_title set-cont-mb-s reset-last-child wd-fontsize-xs\">\n\t\t\t\t\t<p>Te has preguntado porque es tan popular el cepillado en seco. Sab\u00edas que esta rutina de ba\u00f1o tambi\u00e9n es considerada como una actividad medicinal. Aqu\u00ed te mencionamos algunos Beneficios;<\/p><p>Tonifica la piel.<\/p><p>Elimina c\u00e9lulas muertas.<\/p><p>Activa el sistema linf\u00e1tico.<\/p><p>Mantiene una piel m\u00e1s sedosa.<\/p><p>Previene el acn\u00e9.<\/p><p>Activa la circulaci\u00f3n sangu\u00ednea.<\/p><p>Reduce y disimula la celulitis.<\/p><p>Ayuda a eliminar los bellos enterrados.<\/p><p>Reduce el estr\u00e9s.<\/p><p>Puede prevenir infartos a futuro.<\/p><p>Antes de ducharte reg\u00e1late 10 minutos para comenzar esta rica rutina de ba\u00f1o; Empieza a cepillar de la punta de los pies hasta llegar al cuello.<\/p><p>Cepilla poco a poco cada parte de tu cuerpo, de abajo hacia arriba cepilla de 3 a 5 veces direcci\u00f3n al coraz\u00f3n, cuando hayas terminado cambia de \u00e1rea, y as\u00ed sucesivamente hasta llegar al coraz\u00f3n. <span class=\"Apple-converted-space\">\u00a0 <\/span>Recuerda que siempre los cepillados tienen que ser paralelos con direcci\u00f3n al coraz\u00f3n. Ojo aqu\u00ed; cuando llegues al est\u00f3mago, rodillas, codos y pompis hazlo en forma circular.<\/p><p>Cuando termines de exfoliarte sentir\u00e1s una sensaci\u00f3n de calor y relajaci\u00f3n. As\u00ed que cuando sientas eso, estar\u00e1s lista para tomar tu ducha. \u00a1Lo vas amar!<\/p>\t\t\t\t<\/div>\n\t\t\t\t\t<\/div>\n\t\t\t\t\t\t<\/div>\n\t\t\t\t<\/div>\n\t\t\t\t<\/div>\n\t\t\t\t\t<\/div>\n\t\t\t\t<\/div>\n\t\t\t\t<\/div>\n\t\t","protected":false},"excerpt":{"rendered":"<p>https:\/\/productoorganicos.com.mx\/wp-content\/uploads\/2024\/12\/5.mp4 Cepillo Corporal Te has preguntado porque es tan popular el cepillado en seco. Sab\u00edas que esta rutina de ba\u00f1o<\/p>\n","protected":false},"author":1,"featured_media":0,"parent":0,"menu_order":0,"comment_status":"closed","ping_status":"closed","template":"elementor_header_footer","meta":{"_joinchat":[],"footnotes":""},"class_list":["post-17396","page","type-page","status-publish","hentry"],"_links":{"self":[{"href":"https:\/\/productoorganicos.com.mx\/index.php\/wp-json\/wp\/v2\/pages\/17396","targetHints":{"allow":["GET"]}}],"collection":[{"href":"https:\/\/productoorganicos.com.mx\/index.php\/wp-json\/wp\/v2\/pages"}],"about":[{"href":"https:\/\/productoorganicos.com.mx\/index.php\/wp-json\/wp\/v2\/types\/page"}],"author":[{"embeddable":true,"href":"https:\/\/productoorganicos.com.mx\/index.php\/wp-json\/wp\/v2\/users\/1"}],"replies":[{"embeddable":true,"href":"https:\/\/productoorganicos.com.mx\/index.php\/wp-json\/wp\/v2\/comments?post=17396"}],"version-history":[{"count":8,"href":"https:\/\/productoorganicos.com.mx\/index.php\/wp-json\/wp\/v2\/pages\/17396\/revisions"}],"predecessor-version":[{"id":17583,"href":"https:\/\/productoorganicos.com.mx\/index.php\/wp-json\/wp\/v2\/pages\/17396\/revisions\/17583"}],"wp:attachment":[{"href":"https:\/\/productoorganicos.com.mx\/index.php\/wp-json\/wp\/v2\/media?parent=17396"}],"curies":[{"name":"wp","href":"https:\/\/api.w.org\/{rel}","templated":true}]}}