{"id":17471,"date":"2024-12-30T20:18:27","date_gmt":"2024-12-30T20:18:27","guid":{"rendered":"https:\/\/productoorganicos.com.mx\/?page_id=17471"},"modified":"2025-01-27T04:19:04","modified_gmt":"2025-01-27T04:19:04","slug":"tonico-facial-de-rosas","status":"publish","type":"page","link":"https:\/\/productoorganicos.com.mx\/index.php\/tonico-facial-de-rosas\/","title":{"rendered":"T\u00f3nico Facial de Rosas"},"content":{"rendered":"\t\t<div data-elementor-type=\"wp-page\" data-elementor-id=\"17471\" class=\"elementor elementor-17471\">\n\t\t\t\t<div class=\"elementor-element elementor-element-4d59ac9 elementor-hidden-tablet elementor-hidden-mobile e-flex e-con-boxed e-con e-parent\" data-id=\"4d59ac9\" data-element_type=\"container\">\n\t\t\t\t\t<div class=\"e-con-inner\">\n\t\t<div class=\"elementor-element elementor-element-da83e31 e-con-full e-flex e-con e-child\" data-id=\"da83e31\" data-element_type=\"container\">\n\t\t\t\t<div class=\"elementor-element elementor-element-896c55f elementor-widget elementor-widget-video\" data-id=\"896c55f\" data-element_type=\"widget\" data-settings=\"{&quot;video_type&quot;:&quot;hosted&quot;,&quot;controls&quot;:&quot;yes&quot;}\" data-widget_type=\"video.default\">\n\t\t\t\t<div class=\"elementor-widget-container\">\n\t\t\t\t\t\t\t<div class=\"e-hosted-video elementor-wrapper elementor-open-inline\">\n\t\t\t\t\t<video class=\"elementor-video\" src=\"https:\/\/productoorganicos.com.mx\/wp-content\/uploads\/2024\/12\/10.mp4\" controls=\"\" preload=\"metadata\" controlsList=\"nodownload\"><\/video>\n\t\t\t\t<\/div>\n\t\t\t\t\t\t<\/div>\n\t\t\t\t<\/div>\n\t\t\t\t<\/div>\n\t\t<div class=\"elementor-element elementor-element-71b3e5f e-con-full e-flex e-con e-child\" data-id=\"71b3e5f\" data-element_type=\"container\">\n\t\t\t\t<div class=\"elementor-element elementor-element-bb48c8b elementor-widget elementor-widget-spacer\" data-id=\"bb48c8b\" data-element_type=\"widget\" data-widget_type=\"spacer.default\">\n\t\t\t\t<div class=\"elementor-widget-container\">\n\t\t\t\t\t\t\t<div class=\"elementor-spacer\">\n\t\t\t<div class=\"elementor-spacer-inner\"><\/div>\n\t\t<\/div>\n\t\t\t\t\t\t<\/div>\n\t\t\t\t<\/div>\n\t\t\t\t<div class=\"elementor-element elementor-element-0498459 wd-width-100 elementor-widget elementor-widget-wd_title\" data-id=\"0498459\" data-element_type=\"widget\" data-widget_type=\"wd_title.default\">\n\t\t\t\t<div class=\"elementor-widget-container\">\n\t\t\t\t\t\t\t<div class=\"title-wrapper set-mb-s reset-last-child wd-title-color-default wd-title-style-default wd-title-size-default text-center\">\n\n\t\t\t\n\t\t\t<div class=\"liner-continer\">\n\t\t\t\t<h4 class=\"woodmart-title-container title wd-fontsize-l\">T\u00f3nico Facial de Rosas<\/h4> \n\t\t\t\t\t\t\t<\/div>\n\n\t\t\t\t\t\t\t<div class=\"title-after_title set-cont-mb-s reset-last-child wd-fontsize-xs\">\n\t\t\t\t\t<p>Nuestros t\u00f3nicos faciales suelen ser usados como parte de su skinker facial por sus propiedades regenerativas y aclaradoras, puedes usarlo como fijador de maquillaje, como mascarilla facial preventiva y como repelente de piojos, ojito aqu\u00ed; esto depender\u00e1 del t\u00f3nico que elijas.<\/p><p>Las aguas faciales son muy f\u00e1ciles de usar, solamente agita tu frasquito, cierra tus ojitos y roc\u00eda en toda tu carita y listo.<\/p><p>En caso de querer usar el t\u00f3nico de Rosas, \u00fasalo como fijador de maquillaje si te maquillas, en caso contrario, \u00fasalo antes de tu protector solar y antes de dormir. Tambi\u00e9n lo puedes usar las veces que lo requieres. Recuerda que la funci\u00f3n del agua de rosas es hidratar.<\/p>\t\t\t\t<\/div>\n\t\t\t\t\t<\/div>\n\t\t\t\t\t\t<\/div>\n\t\t\t\t<\/div>\n\t\t\t\t<\/div>\n\t\t\t\t\t<\/div>\n\t\t\t\t<\/div>\n\t\t<div class=\"elementor-element elementor-element-1936c77 elementor-hidden-desktop e-flex e-con-boxed e-con e-parent\" data-id=\"1936c77\" data-element_type=\"container\">\n\t\t\t\t\t<div class=\"e-con-inner\">\n\t\t<div class=\"elementor-element elementor-element-2535389 e-con-full e-flex e-con e-child\" data-id=\"2535389\" data-element_type=\"container\">\n\t\t\t\t<div class=\"elementor-element elementor-element-624f4cb elementor-widget elementor-widget-video\" data-id=\"624f4cb\" data-element_type=\"widget\" data-settings=\"{&quot;video_type&quot;:&quot;hosted&quot;,&quot;controls&quot;:&quot;yes&quot;}\" data-widget_type=\"video.default\">\n\t\t\t\t<div class=\"elementor-widget-container\">\n\t\t\t\t\t\t\t<div class=\"e-hosted-video elementor-wrapper elementor-open-inline\">\n\t\t\t\t\t<video class=\"elementor-video\" src=\"https:\/\/productoorganicos.com.mx\/wp-content\/uploads\/2024\/12\/10.mp4\" controls=\"\" preload=\"metadata\" controlsList=\"nodownload\"><\/video>\n\t\t\t\t<\/div>\n\t\t\t\t\t\t<\/div>\n\t\t\t\t<\/div>\n\t\t\t\t<\/div>\n\t\t<div class=\"elementor-element elementor-element-74996a6 e-con-full e-flex e-con e-child\" data-id=\"74996a6\" data-element_type=\"container\">\n\t\t\t\t<div class=\"elementor-element elementor-element-97e77b0 elementor-widget elementor-widget-spacer\" data-id=\"97e77b0\" data-element_type=\"widget\" data-widget_type=\"spacer.default\">\n\t\t\t\t<div class=\"elementor-widget-container\">\n\t\t\t\t\t\t\t<div class=\"elementor-spacer\">\n\t\t\t<div class=\"elementor-spacer-inner\"><\/div>\n\t\t<\/div>\n\t\t\t\t\t\t<\/div>\n\t\t\t\t<\/div>\n\t\t\t\t<div class=\"elementor-element elementor-element-65d41b0 wd-width-100 elementor-widget elementor-widget-wd_title\" data-id=\"65d41b0\" data-element_type=\"widget\" data-widget_type=\"wd_title.default\">\n\t\t\t\t<div class=\"elementor-widget-container\">\n\t\t\t\t\t\t\t<div class=\"title-wrapper set-mb-s reset-last-child wd-title-color-default wd-title-style-default wd-title-size-default text-center\">\n\n\t\t\t\n\t\t\t<div class=\"liner-continer\">\n\t\t\t\t<h4 class=\"woodmart-title-container title wd-fontsize-l\">T\u00f3nico Facial de Rosas<\/h4> \n\t\t\t\t\t\t\t<\/div>\n\n\t\t\t\t\t\t\t<div class=\"title-after_title set-cont-mb-s reset-last-child wd-fontsize-xs\">\n\t\t\t\t\t<p>Nuestros t\u00f3nicos faciales suelen ser usados como parte de su skinker facial por sus propiedades regenerativas y aclaradoras, puedes usarlo como fijador de maquillaje, como mascarilla facial preventiva y como repelente de piojos, ojito aqu\u00ed; esto depender\u00e1 del t\u00f3nico que elijas.<\/p><p>Las aguas faciales son muy f\u00e1ciles de usar, solamente agita tu frasquito, cierra tus ojitos y roc\u00eda en toda tu carita y listo.<\/p><p>En caso de querer usar el t\u00f3nico de Rosas, \u00fasalo como fijador de maquillaje si te maquillas, en caso contrario, \u00fasalo antes de tu protector solar y antes de dormir. Tambi\u00e9n lo puedes usar las veces que lo requieres. Recuerda que la funci\u00f3n del agua de rosas es hidratar.<\/p>\t\t\t\t<\/div>\n\t\t\t\t\t<\/div>\n\t\t\t\t\t\t<\/div>\n\t\t\t\t<\/div>\n\t\t\t\t<\/div>\n\t\t\t\t\t<\/div>\n\t\t\t\t<\/div>\n\t\t\t\t<\/div>\n\t\t","protected":false},"excerpt":{"rendered":"<p>https:\/\/productoorganicos.com.mx\/wp-content\/uploads\/2024\/12\/10.mp4 T\u00f3nico Facial de Rosas Nuestros t\u00f3nicos faciales suelen ser usados como parte de su skinker facial por sus propiedades<\/p>\n","protected":false},"author":1,"featured_media":0,"parent":0,"menu_order":0,"comment_status":"closed","ping_status":"closed","template":"elementor_header_footer","meta":{"_joinchat":[],"footnotes":""},"class_list":["post-17471","page","type-page","status-publish","hentry"],"_links":{"self":[{"href":"https:\/\/productoorganicos.com.mx\/index.php\/wp-json\/wp\/v2\/pages\/17471","targetHints":{"allow":["GET"]}}],"collection":[{"href":"https:\/\/productoorganicos.com.mx\/index.php\/wp-json\/wp\/v2\/pages"}],"about":[{"href":"https:\/\/productoorganicos.com.mx\/index.php\/wp-json\/wp\/v2\/types\/page"}],"author":[{"embeddable":true,"href":"https:\/\/productoorganicos.com.mx\/index.php\/wp-json\/wp\/v2\/users\/1"}],"replies":[{"embeddable":true,"href":"https:\/\/productoorganicos.com.mx\/index.php\/wp-json\/wp\/v2\/comments?post=17471"}],"version-history":[{"count":26,"href":"https:\/\/productoorganicos.com.mx\/index.php\/wp-json\/wp\/v2\/pages\/17471\/revisions"}],"predecessor-version":[{"id":17647,"href":"https:\/\/productoorganicos.com.mx\/index.php\/wp-json\/wp\/v2\/pages\/17471\/revisions\/17647"}],"wp:attachment":[{"href":"https:\/\/productoorganicos.com.mx\/index.php\/wp-json\/wp\/v2\/media?parent=17471"}],"curies":[{"name":"wp","href":"https:\/\/api.w.org\/{rel}","templated":true}]}}