{"id":17492,"date":"2025-01-20T21:23:32","date_gmt":"2025-01-20T21:23:32","guid":{"rendered":"https:\/\/productoorganicos.com.mx\/?page_id=17492"},"modified":"2025-01-28T03:45:20","modified_gmt":"2025-01-28T03:45:20","slug":"desodorante-liquido-de-piedra-de-alumbre","status":"publish","type":"page","link":"https:\/\/productoorganicos.com.mx\/index.php\/desodorante-liquido-de-piedra-de-alumbre\/","title":{"rendered":"Desodorante Liquido de Piedra de Alumbre"},"content":{"rendered":"\t\t<div data-elementor-type=\"wp-page\" data-elementor-id=\"17492\" class=\"elementor elementor-17492\">\n\t\t\t\t<div class=\"elementor-element elementor-element-4d59ac9 elementor-hidden-tablet elementor-hidden-mobile e-flex e-con-boxed e-con e-parent\" data-id=\"4d59ac9\" data-element_type=\"container\">\n\t\t\t\t\t<div class=\"e-con-inner\">\n\t\t<div class=\"elementor-element elementor-element-ee7d210 e-con-full e-flex e-con e-child\" data-id=\"ee7d210\" data-element_type=\"container\">\n\t\t\t\t<div class=\"elementor-element elementor-element-eacc35f elementor-widget elementor-widget-video\" data-id=\"eacc35f\" data-element_type=\"widget\" data-settings=\"{&quot;video_type&quot;:&quot;hosted&quot;,&quot;controls&quot;:&quot;yes&quot;}\" data-widget_type=\"video.default\">\n\t\t\t\t<div class=\"elementor-widget-container\">\n\t\t\t\t\t\t\t<div class=\"e-hosted-video elementor-wrapper elementor-open-inline\">\n\t\t\t\t\t<video class=\"elementor-video\" src=\"https:\/\/productoorganicos.com.mx\/wp-content\/uploads\/2025\/01\/6fe0ffe8a73b4a64924b438e9bb20aea.mp4\" controls=\"\" preload=\"metadata\" controlsList=\"nodownload\"><\/video>\n\t\t\t\t<\/div>\n\t\t\t\t\t\t<\/div>\n\t\t\t\t<\/div>\n\t\t\t\t<\/div>\n\t\t<div class=\"elementor-element elementor-element-71b3e5f e-con-full e-flex e-con e-child\" data-id=\"71b3e5f\" data-element_type=\"container\">\n\t\t\t\t<div class=\"elementor-element elementor-element-6365372 elementor-widget elementor-widget-spacer\" data-id=\"6365372\" data-element_type=\"widget\" data-widget_type=\"spacer.default\">\n\t\t\t\t<div class=\"elementor-widget-container\">\n\t\t\t\t\t\t\t<div class=\"elementor-spacer\">\n\t\t\t<div class=\"elementor-spacer-inner\"><\/div>\n\t\t<\/div>\n\t\t\t\t\t\t<\/div>\n\t\t\t\t<\/div>\n\t\t\t\t<div class=\"elementor-element elementor-element-0498459 wd-width-100 elementor-widget elementor-widget-wd_title\" data-id=\"0498459\" data-element_type=\"widget\" data-widget_type=\"wd_title.default\">\n\t\t\t\t<div class=\"elementor-widget-container\">\n\t\t\t\t\t\t\t<div class=\"title-wrapper set-mb-s reset-last-child wd-title-color-default wd-title-style-default wd-title-size-default text-center\">\n\n\t\t\t\n\t\t\t<div class=\"liner-continer\">\n\t\t\t\t<h4 class=\"woodmart-title-container title wd-fontsize-l\">Desodorante Liquido de Piedra de Alumbre<\/h4> \n\t\t\t\t\t\t\t<\/div>\n\n\t\t\t\t\t\t\t<div class=\"title-after_title set-cont-mb-s reset-last-child wd-fontsize-xs\">\n\t\t\t\t\t<p>Sudar es bueno para la salud ya que nos ayuda a reducir el estr\u00e9s, fortalece el sistema inmunol\u00f3gico, mejora la circulaci\u00f3n sangu\u00ednea, elimina las toxinas del cuerpo. Por esta raz\u00f3n nuestros desodorantes no son antitranspirantes, esto quiere decir que, si vas a sudar, pero eso no quiere decir que vas a oler mal.<\/p><p>\u00a0<\/p><p>Agita tu botellita antes de usar, roc\u00eda de una a dos veces en tus axilas o pies y d\u00e9jalo secar, veraz como te quita el mal olor y como poco a poco te va air regulando tu PH. Puedes colocarlo en tu ropa a distancia para que te una sensaci\u00f3n de frescura y huelas rico tambi\u00e9n. \u00a1Y listo!<\/p>\t\t\t\t<\/div>\n\t\t\t\t\t<\/div>\n\t\t\t\t\t\t<\/div>\n\t\t\t\t<\/div>\n\t\t\t\t<\/div>\n\t\t\t\t\t<\/div>\n\t\t\t\t<\/div>\n\t\t<div class=\"elementor-element elementor-element-17d42de elementor-hidden-desktop e-flex e-con-boxed e-con e-parent\" data-id=\"17d42de\" data-element_type=\"container\">\n\t\t\t\t\t<div class=\"e-con-inner\">\n\t\t<div class=\"elementor-element elementor-element-f1b9ef1 e-con-full e-flex e-con e-child\" data-id=\"f1b9ef1\" data-element_type=\"container\">\n\t\t\t\t<div class=\"elementor-element elementor-element-6def2d1 elementor-widget elementor-widget-video\" data-id=\"6def2d1\" data-element_type=\"widget\" data-settings=\"{&quot;video_type&quot;:&quot;hosted&quot;,&quot;controls&quot;:&quot;yes&quot;}\" data-widget_type=\"video.default\">\n\t\t\t\t<div class=\"elementor-widget-container\">\n\t\t\t\t\t\t\t<div class=\"e-hosted-video elementor-wrapper elementor-open-inline\">\n\t\t\t\t\t<video class=\"elementor-video\" src=\"https:\/\/productoorganicos.com.mx\/wp-content\/uploads\/2025\/01\/6fe0ffe8a73b4a64924b438e9bb20aea.mp4\" controls=\"\" preload=\"metadata\" controlsList=\"nodownload\"><\/video>\n\t\t\t\t<\/div>\n\t\t\t\t\t\t<\/div>\n\t\t\t\t<\/div>\n\t\t\t\t<\/div>\n\t\t<div class=\"elementor-element elementor-element-d407049 e-con-full e-flex e-con e-child\" data-id=\"d407049\" data-element_type=\"container\">\n\t\t\t\t<div class=\"elementor-element elementor-element-a749903 elementor-widget elementor-widget-spacer\" data-id=\"a749903\" data-element_type=\"widget\" data-widget_type=\"spacer.default\">\n\t\t\t\t<div class=\"elementor-widget-container\">\n\t\t\t\t\t\t\t<div class=\"elementor-spacer\">\n\t\t\t<div class=\"elementor-spacer-inner\"><\/div>\n\t\t<\/div>\n\t\t\t\t\t\t<\/div>\n\t\t\t\t<\/div>\n\t\t\t\t<div class=\"elementor-element elementor-element-64537a2 wd-width-100 elementor-widget elementor-widget-wd_title\" data-id=\"64537a2\" data-element_type=\"widget\" data-widget_type=\"wd_title.default\">\n\t\t\t\t<div class=\"elementor-widget-container\">\n\t\t\t\t\t\t\t<div class=\"title-wrapper set-mb-s reset-last-child wd-title-color-default wd-title-style-default wd-title-size-default text-center\">\n\n\t\t\t\n\t\t\t<div class=\"liner-continer\">\n\t\t\t\t<h4 class=\"woodmart-title-container title wd-fontsize-l\">Desodorante Liquido de Piedra de Alumbre<\/h4> \n\t\t\t\t\t\t\t<\/div>\n\n\t\t\t\t\t\t\t<div class=\"title-after_title set-cont-mb-s reset-last-child wd-fontsize-xs\">\n\t\t\t\t\t<p>Sudar es bueno para la salud ya que nos ayuda a reducir el estr\u00e9s, fortalece el sistema inmunol\u00f3gico, mejora la circulaci\u00f3n sangu\u00ednea, elimina las toxinas del cuerpo. Por esta raz\u00f3n nuestros desodorantes no son antitranspirantes, esto quiere decir que, si vas a sudar, pero eso no quiere decir que vas a oler mal.<\/p><p>\u00a0<\/p><p>Agita tu botellita antes de usar, roc\u00eda de una a dos veces en tus axilas o pies y d\u00e9jalo secar, veraz como te quita el mal olor y como poco a poco te va air regulando tu PH. Puedes colocarlo en tu ropa a distancia para que te una sensaci\u00f3n de frescura y huelas rico tambi\u00e9n. \u00a1Y listo!<\/p>\t\t\t\t<\/div>\n\t\t\t\t\t<\/div>\n\t\t\t\t\t\t<\/div>\n\t\t\t\t<\/div>\n\t\t\t\t<\/div>\n\t\t\t\t\t<\/div>\n\t\t\t\t<\/div>\n\t\t\t\t<\/div>\n\t\t","protected":false},"excerpt":{"rendered":"<p>https:\/\/productoorganicos.com.mx\/wp-content\/uploads\/2025\/01\/6fe0ffe8a73b4a64924b438e9bb20aea.mp4 Desodorante Liquido de Piedra de Alumbre Sudar es bueno para la salud ya que nos ayuda a reducir el<\/p>\n","protected":false},"author":1,"featured_media":0,"parent":0,"menu_order":0,"comment_status":"closed","ping_status":"closed","template":"elementor_header_footer","meta":{"_joinchat":[],"footnotes":""},"class_list":["post-17492","page","type-page","status-publish","hentry"],"_links":{"self":[{"href":"https:\/\/productoorganicos.com.mx\/index.php\/wp-json\/wp\/v2\/pages\/17492","targetHints":{"allow":["GET"]}}],"collection":[{"href":"https:\/\/productoorganicos.com.mx\/index.php\/wp-json\/wp\/v2\/pages"}],"about":[{"href":"https:\/\/productoorganicos.com.mx\/index.php\/wp-json\/wp\/v2\/types\/page"}],"author":[{"embeddable":true,"href":"https:\/\/productoorganicos.com.mx\/index.php\/wp-json\/wp\/v2\/users\/1"}],"replies":[{"embeddable":true,"href":"https:\/\/productoorganicos.com.mx\/index.php\/wp-json\/wp\/v2\/comments?post=17492"}],"version-history":[{"count":22,"href":"https:\/\/productoorganicos.com.mx\/index.php\/wp-json\/wp\/v2\/pages\/17492\/revisions"}],"predecessor-version":[{"id":17693,"href":"https:\/\/productoorganicos.com.mx\/index.php\/wp-json\/wp\/v2\/pages\/17492\/revisions\/17693"}],"wp:attachment":[{"href":"https:\/\/productoorganicos.com.mx\/index.php\/wp-json\/wp\/v2\/media?parent=17492"}],"curies":[{"name":"wp","href":"https:\/\/api.w.org\/{rel}","templated":true}]}}