{"id":17499,"date":"2025-01-20T21:31:35","date_gmt":"2025-01-20T21:31:35","guid":{"rendered":"https:\/\/productoorganicos.com.mx\/?page_id=17499"},"modified":"2025-01-27T04:25:45","modified_gmt":"2025-01-27T04:25:45","slug":"tonico-facial-de-te-verde","status":"publish","type":"page","link":"https:\/\/productoorganicos.com.mx\/index.php\/tonico-facial-de-te-verde\/","title":{"rendered":"T\u00f3nico Facial de T\u00e9 Verde"},"content":{"rendered":"\t\t<div data-elementor-type=\"wp-page\" data-elementor-id=\"17499\" class=\"elementor elementor-17499\">\n\t\t\t\t<div class=\"elementor-element elementor-element-4d59ac9 elementor-hidden-tablet elementor-hidden-mobile e-flex e-con-boxed e-con e-parent\" data-id=\"4d59ac9\" data-element_type=\"container\">\n\t\t\t\t\t<div class=\"e-con-inner\">\n\t\t<div class=\"elementor-element elementor-element-c26f38a e-con-full e-flex e-con e-child\" data-id=\"c26f38a\" data-element_type=\"container\">\n\t\t\t\t<div class=\"elementor-element elementor-element-52b7d79 elementor-widget elementor-widget-video\" data-id=\"52b7d79\" data-element_type=\"widget\" data-settings=\"{&quot;video_type&quot;:&quot;hosted&quot;,&quot;controls&quot;:&quot;yes&quot;}\" data-widget_type=\"video.default\">\n\t\t\t\t<div class=\"elementor-widget-container\">\n\t\t\t\t\t\t\t<div class=\"e-hosted-video elementor-wrapper elementor-open-inline\">\n\t\t\t\t\t<video class=\"elementor-video\" src=\"https:\/\/productoorganicos.com.mx\/wp-content\/uploads\/2024\/12\/3.mp4\" controls=\"\" preload=\"metadata\" controlsList=\"nodownload\"><\/video>\n\t\t\t\t<\/div>\n\t\t\t\t\t\t<\/div>\n\t\t\t\t<\/div>\n\t\t\t\t<\/div>\n\t\t<div class=\"elementor-element elementor-element-71b3e5f e-con-full e-flex e-con e-child\" data-id=\"71b3e5f\" data-element_type=\"container\">\n\t\t\t\t<div class=\"elementor-element elementor-element-bb48c8b elementor-widget elementor-widget-spacer\" data-id=\"bb48c8b\" data-element_type=\"widget\" data-widget_type=\"spacer.default\">\n\t\t\t\t<div class=\"elementor-widget-container\">\n\t\t\t\t\t\t\t<div class=\"elementor-spacer\">\n\t\t\t<div class=\"elementor-spacer-inner\"><\/div>\n\t\t<\/div>\n\t\t\t\t\t\t<\/div>\n\t\t\t\t<\/div>\n\t\t\t\t<div class=\"elementor-element elementor-element-0498459 wd-width-100 elementor-widget elementor-widget-wd_title\" data-id=\"0498459\" data-element_type=\"widget\" data-widget_type=\"wd_title.default\">\n\t\t\t\t<div class=\"elementor-widget-container\">\n\t\t\t\t\t\t\t<div class=\"title-wrapper set-mb-s reset-last-child wd-title-color-default wd-title-style-default wd-title-size-default text-center\">\n\n\t\t\t\n\t\t\t<div class=\"liner-continer\">\n\t\t\t\t<h4 class=\"woodmart-title-container title wd-fontsize-l\">T\u00f3nico Facial de T\u00e9 Verde<\/h4> \n\t\t\t\t\t\t\t<\/div>\n\n\t\t\t\t\t\t\t<div class=\"title-after_title set-cont-mb-s reset-last-child wd-fontsize-xs\">\n\t\t\t\t\t<p>Nuestros t\u00f3nicos faciales suelen ser usados como parte de su skinker facial por sus propiedades regenerativas y aclaradoras, puedes usarlo como fijador de maquillaje, como mascarilla facial preventiva y como repelente de piojos, ojito aqu\u00ed; esto depender\u00e1 del t\u00f3nico que elijas.<\/p><p>Las aguas faciales son muy f\u00e1ciles de usar, solamente agita tu frasquito, cierra tus ojitos y roc\u00eda en toda tu carita y listo.<\/p><p>En caso de querer usar el t\u00f3nico de T\u00e9 Verde, \u00fasalo antes de tu skincare y antes de dormir. Este t\u00f3nico es perfecto para reducir el brillo y grasita de la cara, as\u00ed que puedes usarlo constantemente en el trayecto del d\u00eda para refrescar y contrarrestar el acn\u00e9 o brillo. Si quieres usarlo como repelente de piojitos, col\u00f3calo cuando el cabello este seco.<\/p>\t\t\t\t<\/div>\n\t\t\t\t\t<\/div>\n\t\t\t\t\t\t<\/div>\n\t\t\t\t<\/div>\n\t\t\t\t<\/div>\n\t\t\t\t\t<\/div>\n\t\t\t\t<\/div>\n\t\t<div class=\"elementor-element elementor-element-53975c8 elementor-hidden-desktop e-flex e-con-boxed e-con e-parent\" data-id=\"53975c8\" data-element_type=\"container\">\n\t\t\t\t\t<div class=\"e-con-inner\">\n\t\t<div class=\"elementor-element elementor-element-d6868ae e-con-full e-flex e-con e-child\" data-id=\"d6868ae\" data-element_type=\"container\">\n\t\t\t\t<div class=\"elementor-element elementor-element-73f041e elementor-widget elementor-widget-video\" data-id=\"73f041e\" data-element_type=\"widget\" data-settings=\"{&quot;video_type&quot;:&quot;hosted&quot;,&quot;controls&quot;:&quot;yes&quot;}\" data-widget_type=\"video.default\">\n\t\t\t\t<div class=\"elementor-widget-container\">\n\t\t\t\t\t\t\t<div class=\"e-hosted-video elementor-wrapper elementor-open-inline\">\n\t\t\t\t\t<video class=\"elementor-video\" src=\"https:\/\/productoorganicos.com.mx\/wp-content\/uploads\/2024\/12\/3.mp4\" controls=\"\" preload=\"metadata\" controlsList=\"nodownload\"><\/video>\n\t\t\t\t<\/div>\n\t\t\t\t\t\t<\/div>\n\t\t\t\t<\/div>\n\t\t\t\t<\/div>\n\t\t<div class=\"elementor-element elementor-element-934a7c6 e-con-full e-flex e-con e-child\" data-id=\"934a7c6\" data-element_type=\"container\">\n\t\t\t\t<div class=\"elementor-element elementor-element-adea8c9 elementor-widget elementor-widget-spacer\" data-id=\"adea8c9\" data-element_type=\"widget\" data-widget_type=\"spacer.default\">\n\t\t\t\t<div class=\"elementor-widget-container\">\n\t\t\t\t\t\t\t<div class=\"elementor-spacer\">\n\t\t\t<div class=\"elementor-spacer-inner\"><\/div>\n\t\t<\/div>\n\t\t\t\t\t\t<\/div>\n\t\t\t\t<\/div>\n\t\t\t\t<div class=\"elementor-element elementor-element-d8c279c wd-width-100 elementor-widget elementor-widget-wd_title\" data-id=\"d8c279c\" data-element_type=\"widget\" data-widget_type=\"wd_title.default\">\n\t\t\t\t<div class=\"elementor-widget-container\">\n\t\t\t\t\t\t\t<div class=\"title-wrapper set-mb-s reset-last-child wd-title-color-default wd-title-style-default wd-title-size-default text-center\">\n\n\t\t\t\n\t\t\t<div class=\"liner-continer\">\n\t\t\t\t<h4 class=\"woodmart-title-container title wd-fontsize-l\">T\u00f3nico Facial de T\u00e9 Verde<\/h4> \n\t\t\t\t\t\t\t<\/div>\n\n\t\t\t\t\t\t\t<div class=\"title-after_title set-cont-mb-s reset-last-child wd-fontsize-xs\">\n\t\t\t\t\t<p>Nuestros t\u00f3nicos faciales suelen ser usados como parte de su skinker facial por sus propiedades regenerativas y aclaradoras, puedes usarlo como fijador de maquillaje, como mascarilla facial preventiva y como repelente de piojos, ojito aqu\u00ed; esto depender\u00e1 del t\u00f3nico que elijas.<\/p><p>Las aguas faciales son muy f\u00e1ciles de usar, solamente agita tu frasquito, cierra tus ojitos y roc\u00eda en toda tu carita y listo.<\/p><p>En caso de querer usar el t\u00f3nico de T\u00e9 Verde, \u00fasalo antes de tu skincare y antes de dormir. Este t\u00f3nico es perfecto para reducir el brillo y grasita de la cara, as\u00ed que puedes usarlo constantemente en el trayecto del d\u00eda para refrescar y contrarrestar el acn\u00e9 o brillo. Si quieres usarlo como repelente de piojitos, col\u00f3calo cuando el cabello este seco.<\/p>\t\t\t\t<\/div>\n\t\t\t\t\t<\/div>\n\t\t\t\t\t\t<\/div>\n\t\t\t\t<\/div>\n\t\t\t\t<\/div>\n\t\t\t\t\t<\/div>\n\t\t\t\t<\/div>\n\t\t\t\t<\/div>\n\t\t","protected":false},"excerpt":{"rendered":"<p>https:\/\/productoorganicos.com.mx\/wp-content\/uploads\/2024\/12\/3.mp4 T\u00f3nico Facial de T\u00e9 Verde Nuestros t\u00f3nicos faciales suelen ser usados como parte de su skinker facial por sus<\/p>\n","protected":false},"author":1,"featured_media":0,"parent":0,"menu_order":0,"comment_status":"closed","ping_status":"closed","template":"elementor_header_footer","meta":{"_joinchat":[],"footnotes":""},"class_list":["post-17499","page","type-page","status-publish","hentry"],"_links":{"self":[{"href":"https:\/\/productoorganicos.com.mx\/index.php\/wp-json\/wp\/v2\/pages\/17499","targetHints":{"allow":["GET"]}}],"collection":[{"href":"https:\/\/productoorganicos.com.mx\/index.php\/wp-json\/wp\/v2\/pages"}],"about":[{"href":"https:\/\/productoorganicos.com.mx\/index.php\/wp-json\/wp\/v2\/types\/page"}],"author":[{"embeddable":true,"href":"https:\/\/productoorganicos.com.mx\/index.php\/wp-json\/wp\/v2\/users\/1"}],"replies":[{"embeddable":true,"href":"https:\/\/productoorganicos.com.mx\/index.php\/wp-json\/wp\/v2\/comments?post=17499"}],"version-history":[{"count":10,"href":"https:\/\/productoorganicos.com.mx\/index.php\/wp-json\/wp\/v2\/pages\/17499\/revisions"}],"predecessor-version":[{"id":17651,"href":"https:\/\/productoorganicos.com.mx\/index.php\/wp-json\/wp\/v2\/pages\/17499\/revisions\/17651"}],"wp:attachment":[{"href":"https:\/\/productoorganicos.com.mx\/index.php\/wp-json\/wp\/v2\/media?parent=17499"}],"curies":[{"name":"wp","href":"https:\/\/api.w.org\/{rel}","templated":true}]}}