{"id":15845,"date":"2024-04-14T03:07:18","date_gmt":"2024-04-14T03:07:18","guid":{"rendered":"https:\/\/productoorganicos.com.mx\/?post_type=product&#038;p=15845"},"modified":"2025-11-19T01:13:08","modified_gmt":"2025-11-19T01:13:08","slug":"tonico-capilar","status":"publish","type":"product","link":"https:\/\/productoorganicos.com.mx\/index.php\/producto\/tonico-capilar\/","title":{"rendered":"T\u00d3NICO CAPILAR"},"content":{"rendered":"<p>Acelera el crecimiento de tu cabello, fortal\u00e9celo y vitaminalo con el poder de nuestro t\u00f3nico capilar. Este producto esta dise\u00f1ado espec\u00edficamente para acelerar y detener la ca\u00edda del cabello en tiempos mas r\u00e1pidos. En promedio nuestro crecimiento normal seg\u00fan los cient\u00edficos es de 1 cm por mes, este t\u00f3nico despu\u00e9s de su testeo ha sido comprobado que si se aplica de forma disciplinada puede ayudarte a crecer hasta medio cent\u00edmetro mas de lo normal o inclusive puede hacerte crecer cabello en zonas poco abundantes de cabello.<\/p>\n<p>&nbsp;<\/p>\n<p><strong>Contenido: 100 ml<\/strong><\/p>\n","protected":false},"excerpt":{"rendered":"<p>Acelera el crecimiento de tu cabello, fortal\u00e9celo y vitaminalo con el poder de nuestro t\u00f3nico capilar. Este producto esta dise\u00f1ado<\/p>\n","protected":false},"featured_media":15846,"comment_status":"open","ping_status":"closed","template":"","meta":{"_joinchat":[]},"product_brand":[],"product_cat":[72,77,85],"product_tag":[],"class_list":{"0":"post-15845","1":"product","2":"type-product","3":"status-publish","4":"has-post-thumbnail","6":"product_cat-cuidado-capilar","7":"product_cat-tienda","8":"product_cat-tonicos-capilares","10":"first","11":"instock","12":"shipping-taxable","13":"purchasable","14":"product-type-simple"},"_links":{"self":[{"href":"https:\/\/productoorganicos.com.mx\/index.php\/wp-json\/wp\/v2\/product\/15845","targetHints":{"allow":["GET"]}}],"collection":[{"href":"https:\/\/productoorganicos.com.mx\/index.php\/wp-json\/wp\/v2\/product"}],"about":[{"href":"https:\/\/productoorganicos.com.mx\/index.php\/wp-json\/wp\/v2\/types\/product"}],"replies":[{"embeddable":true,"href":"https:\/\/productoorganicos.com.mx\/index.php\/wp-json\/wp\/v2\/comments?post=15845"}],"version-history":[{"count":3,"href":"https:\/\/productoorganicos.com.mx\/index.php\/wp-json\/wp\/v2\/product\/15845\/revisions"}],"predecessor-version":[{"id":16090,"href":"https:\/\/productoorganicos.com.mx\/index.php\/wp-json\/wp\/v2\/product\/15845\/revisions\/16090"}],"wp:featuredmedia":[{"embeddable":true,"href":"https:\/\/productoorganicos.com.mx\/index.php\/wp-json\/wp\/v2\/media\/15846"}],"wp:attachment":[{"href":"https:\/\/productoorganicos.com.mx\/index.php\/wp-json\/wp\/v2\/media?parent=15845"}],"wp:term":[{"taxonomy":"product_brand","embeddable":true,"href":"https:\/\/productoorganicos.com.mx\/index.php\/wp-json\/wp\/v2\/product_brand?post=15845"},{"taxonomy":"product_cat","embeddable":true,"href":"https:\/\/productoorganicos.com.mx\/index.php\/wp-json\/wp\/v2\/product_cat?post=15845"},{"taxonomy":"product_tag","embeddable":true,"href":"https:\/\/productoorganicos.com.mx\/index.php\/wp-json\/wp\/v2\/product_tag?post=15845"}],"curies":[{"name":"wp","href":"https:\/\/api.w.org\/{rel}","templated":true}]}}