{"id":15849,"date":"2024-04-14T03:16:21","date_gmt":"2024-04-14T03:16:21","guid":{"rendered":"https:\/\/productoorganicos.com.mx\/?post_type=product&#038;p=15849"},"modified":"2025-11-19T01:13:08","modified_gmt":"2025-11-19T01:13:08","slug":"tonico-facial-de-rosas","status":"publish","type":"product","link":"https:\/\/productoorganicos.com.mx\/index.php\/producto\/tonico-facial-de-rosas\/","title":{"rendered":"TONICO FACIAL DE ROSAS"},"content":{"rendered":"<p>Nuestra agua de rosas esta hecho con un 80% de miel y rosas, no contiene colorante y es perfecto para todo tipo de pieles. Los beneficios; te ayuda a cerrar los poros abiertos, minimiza el acn\u00e9, te da un efecto matizante, te proporciona m\u00e1s hidrataci\u00f3n, previene las manchitas solares, combate las lineas de expresi\u00f3n , tonifica la piel, alivia irritaciones incluyendo quemaduras y tambi\u00e9n sirve como fijador de maquillaje. Todos estos beneficios en conjunto te har\u00e1n lucir una piel m\u00e1s joven y radiante.<\/p>\n<p>&nbsp;<\/p>\n<p><strong>Contenido: 250 ml<\/strong><\/p>\n","protected":false},"excerpt":{"rendered":"<p>Nuestra agua de rosas esta hecho con un 80% de miel y rosas, no contiene colorante y es perfecto para<\/p>\n","protected":false},"featured_media":15851,"comment_status":"open","ping_status":"closed","template":"","meta":{"_joinchat":[]},"product_brand":[],"product_cat":[70,77,81],"product_tag":[],"class_list":{"0":"post-15849","1":"product","2":"type-product","3":"status-publish","4":"has-post-thumbnail","6":"product_cat-cuidado-facial","7":"product_cat-tienda","8":"product_cat-tonicos-faciales","10":"first","11":"instock","12":"shipping-taxable","13":"purchasable","14":"product-type-simple"},"_links":{"self":[{"href":"https:\/\/productoorganicos.com.mx\/index.php\/wp-json\/wp\/v2\/product\/15849","targetHints":{"allow":["GET"]}}],"collection":[{"href":"https:\/\/productoorganicos.com.mx\/index.php\/wp-json\/wp\/v2\/product"}],"about":[{"href":"https:\/\/productoorganicos.com.mx\/index.php\/wp-json\/wp\/v2\/types\/product"}],"replies":[{"embeddable":true,"href":"https:\/\/productoorganicos.com.mx\/index.php\/wp-json\/wp\/v2\/comments?post=15849"}],"version-history":[{"count":3,"href":"https:\/\/productoorganicos.com.mx\/index.php\/wp-json\/wp\/v2\/product\/15849\/revisions"}],"predecessor-version":[{"id":16098,"href":"https:\/\/productoorganicos.com.mx\/index.php\/wp-json\/wp\/v2\/product\/15849\/revisions\/16098"}],"wp:featuredmedia":[{"embeddable":true,"href":"https:\/\/productoorganicos.com.mx\/index.php\/wp-json\/wp\/v2\/media\/15851"}],"wp:attachment":[{"href":"https:\/\/productoorganicos.com.mx\/index.php\/wp-json\/wp\/v2\/media?parent=15849"}],"wp:term":[{"taxonomy":"product_brand","embeddable":true,"href":"https:\/\/productoorganicos.com.mx\/index.php\/wp-json\/wp\/v2\/product_brand?post=15849"},{"taxonomy":"product_cat","embeddable":true,"href":"https:\/\/productoorganicos.com.mx\/index.php\/wp-json\/wp\/v2\/product_cat?post=15849"},{"taxonomy":"product_tag","embeddable":true,"href":"https:\/\/productoorganicos.com.mx\/index.php\/wp-json\/wp\/v2\/product_tag?post=15849"}],"curies":[{"name":"wp","href":"https:\/\/api.w.org\/{rel}","templated":true}]}}