{"id":15853,"date":"2024-04-14T03:20:45","date_gmt":"2024-04-14T03:20:45","guid":{"rendered":"https:\/\/productoorganicos.com.mx\/?post_type=product&#038;p=15853"},"modified":"2025-11-19T01:13:08","modified_gmt":"2025-11-19T01:13:08","slug":"tonico-facial-de-te-verde","status":"publish","type":"product","link":"https:\/\/productoorganicos.com.mx\/index.php\/producto\/tonico-facial-de-te-verde\/","title":{"rendered":"TONICO FACIAL DE T\u00c9 VERDE"},"content":{"rendered":"<p>Es ideal para pieles mixtas a grasas, sus beneficios son muy similares al t\u00f3nico de rosas con la diferencia que este t\u00f3nico adicional te ayudara a trata el exceso de grasa y a contrarrestar la apariencia del acn\u00e9.<\/p>\n<p>&nbsp;<\/p>\n<p><strong>Contenido: 250 ml<\/strong><\/p>\n","protected":false},"excerpt":{"rendered":"<p>Es ideal para pieles mixtas a grasas, sus beneficios son muy similares al t\u00f3nico de rosas con la diferencia que<\/p>\n","protected":false},"featured_media":15854,"comment_status":"open","ping_status":"closed","template":"","meta":{"_joinchat":[]},"product_brand":[],"product_cat":[70,77,81],"product_tag":[],"class_list":{"0":"post-15853","1":"product","2":"type-product","3":"status-publish","4":"has-post-thumbnail","6":"product_cat-cuidado-facial","7":"product_cat-tienda","8":"product_cat-tonicos-faciales","10":"first","11":"instock","12":"shipping-taxable","13":"purchasable","14":"product-type-simple"},"_links":{"self":[{"href":"https:\/\/productoorganicos.com.mx\/index.php\/wp-json\/wp\/v2\/product\/15853","targetHints":{"allow":["GET"]}}],"collection":[{"href":"https:\/\/productoorganicos.com.mx\/index.php\/wp-json\/wp\/v2\/product"}],"about":[{"href":"https:\/\/productoorganicos.com.mx\/index.php\/wp-json\/wp\/v2\/types\/product"}],"replies":[{"embeddable":true,"href":"https:\/\/productoorganicos.com.mx\/index.php\/wp-json\/wp\/v2\/comments?post=15853"}],"version-history":[{"count":4,"href":"https:\/\/productoorganicos.com.mx\/index.php\/wp-json\/wp\/v2\/product\/15853\/revisions"}],"predecessor-version":[{"id":16100,"href":"https:\/\/productoorganicos.com.mx\/index.php\/wp-json\/wp\/v2\/product\/15853\/revisions\/16100"}],"wp:featuredmedia":[{"embeddable":true,"href":"https:\/\/productoorganicos.com.mx\/index.php\/wp-json\/wp\/v2\/media\/15854"}],"wp:attachment":[{"href":"https:\/\/productoorganicos.com.mx\/index.php\/wp-json\/wp\/v2\/media?parent=15853"}],"wp:term":[{"taxonomy":"product_brand","embeddable":true,"href":"https:\/\/productoorganicos.com.mx\/index.php\/wp-json\/wp\/v2\/product_brand?post=15853"},{"taxonomy":"product_cat","embeddable":true,"href":"https:\/\/productoorganicos.com.mx\/index.php\/wp-json\/wp\/v2\/product_cat?post=15853"},{"taxonomy":"product_tag","embeddable":true,"href":"https:\/\/productoorganicos.com.mx\/index.php\/wp-json\/wp\/v2\/product_tag?post=15853"}],"curies":[{"name":"wp","href":"https:\/\/api.w.org\/{rel}","templated":true}]}}