{"id":15883,"date":"2024-04-15T01:07:09","date_gmt":"2024-04-15T01:07:09","guid":{"rendered":"https:\/\/productoorganicos.com.mx\/?post_type=product&#038;p=15883"},"modified":"2025-11-19T01:13:08","modified_gmt":"2025-11-19T01:13:08","slug":"cepillo-corporal-de-mango-largo-henequen","status":"publish","type":"product","link":"https:\/\/productoorganicos.com.mx\/index.php\/producto\/cepillo-corporal-de-mango-largo-henequen\/","title":{"rendered":"CEPILLO CORPORAL DE MANGO LARGO HENEQU\u00c9N"},"content":{"rendered":"<p><span data-sheets-root=\"1\" data-sheets-value=\"{&quot;1&quot;:2,&quot;2&quot;:&quot;Es ideal para todo tipo de piel. Esta elaborado de cerdas de henequen con la intenci\u00f3n de que pueda aplicarse el cepillado en seco, osea antes de la ducha. Beneficios; te ayudara a combatir el acne, a tonificar tu cuerpo, te dara una exfoliaci\u00f3n profunda dandole a tu cuerpo un efectto matiz, tambien te ayudara a mejorar la circulaci\u00f3n sanguinea ofreciendo beneficios internos como; miniminar el dolor de las varices, de cuerpo cansado, reduciras la aparicion de infartos, puedes ayudar a estimlar el crecimiento capilar entre otros. &quot;}\" data-sheets-userformat=\"{&quot;2&quot;:14593,&quot;3&quot;:{&quot;1&quot;:0,&quot;3&quot;:1},&quot;11&quot;:4,&quot;14&quot;:{&quot;1&quot;:3,&quot;3&quot;:1},&quot;15&quot;:&quot;Calibri&quot;,&quot;16&quot;:11}\">Es ideal para todo tipo de piel. Esta elaborado de cerdas de henequ\u00e9n con la intenci\u00f3n de que pueda aplicarse el cepillado en seco, antes de la ducha. Beneficios; te ayudara a combatir el acn\u00e9, a tonificar tu cuerpo, te dar\u00e1 una exfoliaci\u00f3n profunda d\u00e1ndole a tu cuerpo un efecto matiz, tambi\u00e9n te ayudara a mejorar la circulaci\u00f3n sangu\u00ednea ofreciendo beneficios internos como; minimizar el dolor de las varices, de cuerpo cansado, reducir\u00e1s la aparici\u00f3n de infartos, puedes ayudar a estimular el crecimiento capilar entre otros. <\/span><\/p>\n<p>&nbsp;<\/p>\n<p><strong>Cantidad: 1 pieza de 18 cm<\/strong><\/p>\n","protected":false},"excerpt":{"rendered":"<p>Es ideal para todo tipo de piel. Esta elaborado de cerdas de henequ\u00e9n con la intenci\u00f3n de que pueda aplicarse<\/p>\n","protected":false},"featured_media":15879,"comment_status":"open","ping_status":"closed","template":"","meta":{"_joinchat":[]},"product_brand":[],"product_cat":[84,77],"product_tag":[],"class_list":{"0":"post-15883","1":"product","2":"type-product","3":"status-publish","4":"has-post-thumbnail","6":"product_cat-cepillos-corporales","7":"product_cat-tienda","9":"first","10":"instock","11":"shipping-taxable","12":"purchasable","13":"product-type-simple"},"_links":{"self":[{"href":"https:\/\/productoorganicos.com.mx\/index.php\/wp-json\/wp\/v2\/product\/15883","targetHints":{"allow":["GET"]}}],"collection":[{"href":"https:\/\/productoorganicos.com.mx\/index.php\/wp-json\/wp\/v2\/product"}],"about":[{"href":"https:\/\/productoorganicos.com.mx\/index.php\/wp-json\/wp\/v2\/types\/product"}],"replies":[{"embeddable":true,"href":"https:\/\/productoorganicos.com.mx\/index.php\/wp-json\/wp\/v2\/comments?post=15883"}],"version-history":[{"count":2,"href":"https:\/\/productoorganicos.com.mx\/index.php\/wp-json\/wp\/v2\/product\/15883\/revisions"}],"predecessor-version":[{"id":16464,"href":"https:\/\/productoorganicos.com.mx\/index.php\/wp-json\/wp\/v2\/product\/15883\/revisions\/16464"}],"wp:featuredmedia":[{"embeddable":true,"href":"https:\/\/productoorganicos.com.mx\/index.php\/wp-json\/wp\/v2\/media\/15879"}],"wp:attachment":[{"href":"https:\/\/productoorganicos.com.mx\/index.php\/wp-json\/wp\/v2\/media?parent=15883"}],"wp:term":[{"taxonomy":"product_brand","embeddable":true,"href":"https:\/\/productoorganicos.com.mx\/index.php\/wp-json\/wp\/v2\/product_brand?post=15883"},{"taxonomy":"product_cat","embeddable":true,"href":"https:\/\/productoorganicos.com.mx\/index.php\/wp-json\/wp\/v2\/product_cat?post=15883"},{"taxonomy":"product_tag","embeddable":true,"href":"https:\/\/productoorganicos.com.mx\/index.php\/wp-json\/wp\/v2\/product_tag?post=15883"}],"curies":[{"name":"wp","href":"https:\/\/api.w.org\/{rel}","templated":true}]}}