{"id":15885,"date":"2024-04-15T01:12:04","date_gmt":"2024-04-15T01:12:04","guid":{"rendered":"https:\/\/productoorganicos.com.mx\/?post_type=product&#038;p=15885"},"modified":"2025-11-19T01:13:08","modified_gmt":"2025-11-19T01:13:08","slug":"cepillo-corporal-redondo","status":"publish","type":"product","link":"https:\/\/productoorganicos.com.mx\/index.php\/producto\/cepillo-corporal-redondo\/","title":{"rendered":"CEPILLO CORPORAL REDONDO"},"content":{"rendered":"<p><span data-sheets-root=\"1\" data-sheets-value=\"{&quot;1&quot;:2,&quot;2&quot;:&quot;Este cepillo esta elaborado de cerdas suaves y forma redonda para que sea facil de sujetar y de aplicar en el cuerpo, sobretodo en las zonas donde su metodo d exfoliaci\u00f3n sea m\u00e1s redonda. ( lo recomendamos especialente para combatir las celulitis)&quot;}\" data-sheets-userformat=\"{&quot;2&quot;:14593,&quot;3&quot;:{&quot;1&quot;:0,&quot;3&quot;:1},&quot;11&quot;:4,&quot;14&quot;:{&quot;1&quot;:3,&quot;3&quot;:1},&quot;15&quot;:&quot;Calibri&quot;,&quot;16&quot;:11}\">Este cepillo esta elaborado de cerdas suaves y forma redonda para que sea f\u00e1cil de sujetar y de aplicar en el cuerpo, sobre todo en las zonas donde su m\u00e9todo d exfoliaci\u00f3n sea m\u00e1s redonda (lo recomendamos especialmente para combatir las celulitis).<\/span><\/p>\n","protected":false},"excerpt":{"rendered":"<p>Este cepillo esta elaborado de cerdas suaves y forma redonda para que sea f\u00e1cil de sujetar y de aplicar en<\/p>\n","protected":false},"featured_media":15886,"comment_status":"open","ping_status":"closed","template":"","meta":{"_joinchat":[]},"product_brand":[],"product_cat":[84,77],"product_tag":[],"class_list":{"0":"post-15885","1":"product","2":"type-product","3":"status-publish","4":"has-post-thumbnail","6":"product_cat-cepillos-corporales","7":"product_cat-tienda","9":"first","10":"instock","11":"downloadable","12":"shipping-taxable","13":"purchasable","14":"product-type-simple"},"_links":{"self":[{"href":"https:\/\/productoorganicos.com.mx\/index.php\/wp-json\/wp\/v2\/product\/15885","targetHints":{"allow":["GET"]}}],"collection":[{"href":"https:\/\/productoorganicos.com.mx\/index.php\/wp-json\/wp\/v2\/product"}],"about":[{"href":"https:\/\/productoorganicos.com.mx\/index.php\/wp-json\/wp\/v2\/types\/product"}],"replies":[{"embeddable":true,"href":"https:\/\/productoorganicos.com.mx\/index.php\/wp-json\/wp\/v2\/comments?post=15885"}],"version-history":[{"count":1,"href":"https:\/\/productoorganicos.com.mx\/index.php\/wp-json\/wp\/v2\/product\/15885\/revisions"}],"predecessor-version":[{"id":15889,"href":"https:\/\/productoorganicos.com.mx\/index.php\/wp-json\/wp\/v2\/product\/15885\/revisions\/15889"}],"wp:featuredmedia":[{"embeddable":true,"href":"https:\/\/productoorganicos.com.mx\/index.php\/wp-json\/wp\/v2\/media\/15886"}],"wp:attachment":[{"href":"https:\/\/productoorganicos.com.mx\/index.php\/wp-json\/wp\/v2\/media?parent=15885"}],"wp:term":[{"taxonomy":"product_brand","embeddable":true,"href":"https:\/\/productoorganicos.com.mx\/index.php\/wp-json\/wp\/v2\/product_brand?post=15885"},{"taxonomy":"product_cat","embeddable":true,"href":"https:\/\/productoorganicos.com.mx\/index.php\/wp-json\/wp\/v2\/product_cat?post=15885"},{"taxonomy":"product_tag","embeddable":true,"href":"https:\/\/productoorganicos.com.mx\/index.php\/wp-json\/wp\/v2\/product_tag?post=15885"}],"curies":[{"name":"wp","href":"https:\/\/api.w.org\/{rel}","templated":true}]}}