{"id":15929,"date":"2024-04-15T02:21:51","date_gmt":"2024-04-15T02:21:51","guid":{"rendered":"https:\/\/productoorganicos.com.mx\/?post_type=product&#038;p=15929"},"modified":"2025-11-19T01:13:08","modified_gmt":"2025-11-19T01:13:08","slug":"shampoo-de-coco-romero","status":"publish","type":"product","link":"https:\/\/productoorganicos.com.mx\/index.php\/producto\/shampoo-de-coco-romero\/","title":{"rendered":"SHAMPOO DE COCO-ROMERO"},"content":{"rendered":"<p>HUMECTACI\u00d3N PROFUNDA. Para los cabellos secos, deshidratados y puntas abiertas es un excelente reparador de da\u00f1os, ya que fortalece los fol\u00edculos pilosos haciendo ver el cabello m\u00e1s saludable. El coco contiene vitamina A, \u00e1cidos grasos, calcio, magnesio, f\u00f3sforo, hierro, sodio, selenio, yodo, zinc, fl\u00faor, manganeso que ayudara a fortalecer, hidratar, estimular su crecimiento y a regenerar el cabello de ra\u00edz a puntas.<\/p>\n<p>&nbsp;<\/p>\n<p><strong>Contenido: 100 g<\/strong><\/p>\n","protected":false},"excerpt":{"rendered":"<p>HUMECTACI\u00d3N PROFUNDA. Para los cabellos secos, deshidratados y puntas abiertas es un excelente reparador de da\u00f1os, ya que fortalece los<\/p>\n","protected":false},"featured_media":16492,"comment_status":"open","ping_status":"closed","template":"","meta":{"_joinchat":[]},"product_brand":[],"product_cat":[72,74,77],"product_tag":[],"class_list":{"0":"post-15929","1":"product","2":"type-product","3":"status-publish","4":"has-post-thumbnail","6":"product_cat-cuidado-capilar","7":"product_cat-shampoo","8":"product_cat-tienda","10":"first","11":"instock","12":"shipping-taxable","13":"purchasable","14":"product-type-simple"},"_links":{"self":[{"href":"https:\/\/productoorganicos.com.mx\/index.php\/wp-json\/wp\/v2\/product\/15929","targetHints":{"allow":["GET"]}}],"collection":[{"href":"https:\/\/productoorganicos.com.mx\/index.php\/wp-json\/wp\/v2\/product"}],"about":[{"href":"https:\/\/productoorganicos.com.mx\/index.php\/wp-json\/wp\/v2\/types\/product"}],"replies":[{"embeddable":true,"href":"https:\/\/productoorganicos.com.mx\/index.php\/wp-json\/wp\/v2\/comments?post=15929"}],"version-history":[{"count":3,"href":"https:\/\/productoorganicos.com.mx\/index.php\/wp-json\/wp\/v2\/product\/15929\/revisions"}],"predecessor-version":[{"id":16603,"href":"https:\/\/productoorganicos.com.mx\/index.php\/wp-json\/wp\/v2\/product\/15929\/revisions\/16603"}],"wp:featuredmedia":[{"embeddable":true,"href":"https:\/\/productoorganicos.com.mx\/index.php\/wp-json\/wp\/v2\/media\/16492"}],"wp:attachment":[{"href":"https:\/\/productoorganicos.com.mx\/index.php\/wp-json\/wp\/v2\/media?parent=15929"}],"wp:term":[{"taxonomy":"product_brand","embeddable":true,"href":"https:\/\/productoorganicos.com.mx\/index.php\/wp-json\/wp\/v2\/product_brand?post=15929"},{"taxonomy":"product_cat","embeddable":true,"href":"https:\/\/productoorganicos.com.mx\/index.php\/wp-json\/wp\/v2\/product_cat?post=15929"},{"taxonomy":"product_tag","embeddable":true,"href":"https:\/\/productoorganicos.com.mx\/index.php\/wp-json\/wp\/v2\/product_tag?post=15929"}],"curies":[{"name":"wp","href":"https:\/\/api.w.org\/{rel}","templated":true}]}}