{"id":15952,"date":"2024-04-15T02:41:26","date_gmt":"2024-04-15T02:41:26","guid":{"rendered":"https:\/\/productoorganicos.com.mx\/?post_type=product&#038;p=15952"},"modified":"2025-11-19T01:13:08","modified_gmt":"2025-11-19T01:13:08","slug":"shampoo-de-baba-de-linaza-jengibre","status":"publish","type":"product","link":"https:\/\/productoorganicos.com.mx\/index.php\/producto\/shampoo-de-baba-de-linaza-jengibre\/","title":{"rendered":"SHAMPOO DE BABA DE LINAZA-JENGIBRE"},"content":{"rendered":"<p>ANTICASPA. La baba de linaza junto con el jengibre hacen un excelente equipo para cuidar el cabello de ra\u00edz a puntas. La baba de linaza nos permite regular el PH del cuero cabelludo, controla la producci\u00f3n del sebo, la resequedad, la irritaci\u00f3n y comez\u00f3n, mientras que el jengibre es anti inflamatorio y un excelente estimulador para que el cabello siga creciendo m\u00e1s sano.<\/p>\n<p>&nbsp;<\/p>\n<p><strong>Contenido: 100 g<\/strong><\/p>\n","protected":false},"excerpt":{"rendered":"<p>ANTICASPA. La baba de linaza junto con el jengibre hacen un excelente equipo para cuidar el cabello de ra\u00edz a<\/p>\n","protected":false},"featured_media":16486,"comment_status":"open","ping_status":"closed","template":"","meta":{"_joinchat":[]},"product_brand":[],"product_cat":[72,74,77],"product_tag":[],"class_list":{"0":"post-15952","1":"product","2":"type-product","3":"status-publish","4":"has-post-thumbnail","6":"product_cat-cuidado-capilar","7":"product_cat-shampoo","8":"product_cat-tienda","10":"first","11":"instock","12":"shipping-taxable","13":"purchasable","14":"product-type-simple"},"_links":{"self":[{"href":"https:\/\/productoorganicos.com.mx\/index.php\/wp-json\/wp\/v2\/product\/15952","targetHints":{"allow":["GET"]}}],"collection":[{"href":"https:\/\/productoorganicos.com.mx\/index.php\/wp-json\/wp\/v2\/product"}],"about":[{"href":"https:\/\/productoorganicos.com.mx\/index.php\/wp-json\/wp\/v2\/types\/product"}],"replies":[{"embeddable":true,"href":"https:\/\/productoorganicos.com.mx\/index.php\/wp-json\/wp\/v2\/comments?post=15952"}],"version-history":[{"count":3,"href":"https:\/\/productoorganicos.com.mx\/index.php\/wp-json\/wp\/v2\/product\/15952\/revisions"}],"predecessor-version":[{"id":16172,"href":"https:\/\/productoorganicos.com.mx\/index.php\/wp-json\/wp\/v2\/product\/15952\/revisions\/16172"}],"wp:featuredmedia":[{"embeddable":true,"href":"https:\/\/productoorganicos.com.mx\/index.php\/wp-json\/wp\/v2\/media\/16486"}],"wp:attachment":[{"href":"https:\/\/productoorganicos.com.mx\/index.php\/wp-json\/wp\/v2\/media?parent=15952"}],"wp:term":[{"taxonomy":"product_brand","embeddable":true,"href":"https:\/\/productoorganicos.com.mx\/index.php\/wp-json\/wp\/v2\/product_brand?post=15952"},{"taxonomy":"product_cat","embeddable":true,"href":"https:\/\/productoorganicos.com.mx\/index.php\/wp-json\/wp\/v2\/product_cat?post=15952"},{"taxonomy":"product_tag","embeddable":true,"href":"https:\/\/productoorganicos.com.mx\/index.php\/wp-json\/wp\/v2\/product_tag?post=15952"}],"curies":[{"name":"wp","href":"https:\/\/api.w.org\/{rel}","templated":true}]}}