{"id":15962,"date":"2024-04-15T02:44:46","date_gmt":"2024-04-15T02:44:46","guid":{"rendered":"https:\/\/productoorganicos.com.mx\/?post_type=product&#038;p=15962"},"modified":"2025-11-19T01:13:08","modified_gmt":"2025-11-19T01:13:08","slug":"shampoo-de-cerveza","status":"publish","type":"product","link":"https:\/\/productoorganicos.com.mx\/index.php\/producto\/shampoo-de-cerveza\/","title":{"rendered":"SHAMPOO DE CERVEZA"},"content":{"rendered":"<p><span data-sheets-root=\"1\" data-sheets-value=\"{&quot;1&quot;:2,&quot;2&quot;:&quot;RAPUNCEL. La levadura de cerveza es uno de los productos naturales que m\u00e1s favorece la salud del cabello, y es que contiene numerosas sustancias como vitaminas B1, B2, B6, \u00e1cido f\u00f3lico, biotina, prote\u00ednas y amino\u00e1cidos que previenen la ca\u00edda del pelo y estimulan la producci\u00f3n de queratina, lo cual es indispensable para que crezca m\u00e1s rapido y sano, fuerte y denso. Adem\u00e1s, a la larga, la levadura de cerveza aporta un brillo y una belleza sublime a la melena.&quot;}\" data-sheets-userformat=\"{&quot;2&quot;:14657,&quot;3&quot;:{&quot;1&quot;:0,&quot;3&quot;:1},&quot;9&quot;:0,&quot;11&quot;:4,&quot;14&quot;:{&quot;1&quot;:3,&quot;3&quot;:1},&quot;15&quot;:&quot;Calibri&quot;,&quot;16&quot;:11}\">RAPUNCEL. La levadura de cerveza es uno de los productos naturales que m\u00e1s favorece la salud del cabello, y es que contiene numerosas sustancias como vitaminas B1, B2, B6, \u00e1cido f\u00f3lico, biotina, prote\u00ednas y amino\u00e1cidos que previenen la ca\u00edda del pelo y estimulan la producci\u00f3n de queratina, lo cual es indispensable para que crezca m\u00e1s r\u00e1pido y sano, fuerte y denso. Adem\u00e1s, a la larga, la levadura de cerveza aporta un brillo.<\/span><\/p>\n<p>&nbsp;<\/p>\n<p><strong>Contenido: 100 g<\/strong><\/p>\n","protected":false},"excerpt":{"rendered":"<p>RAPUNCEL. La levadura de cerveza es uno de los productos naturales que m\u00e1s favorece la salud del cabello, y es<\/p>\n","protected":false},"featured_media":16503,"comment_status":"open","ping_status":"closed","template":"","meta":{"_joinchat":[]},"product_brand":[],"product_cat":[72,74,77],"product_tag":[],"class_list":{"0":"post-15962","1":"product","2":"type-product","3":"status-publish","4":"has-post-thumbnail","6":"product_cat-cuidado-capilar","7":"product_cat-shampoo","8":"product_cat-tienda","10":"first","11":"instock","12":"shipping-taxable","13":"purchasable","14":"product-type-simple"},"_links":{"self":[{"href":"https:\/\/productoorganicos.com.mx\/index.php\/wp-json\/wp\/v2\/product\/15962","targetHints":{"allow":["GET"]}}],"collection":[{"href":"https:\/\/productoorganicos.com.mx\/index.php\/wp-json\/wp\/v2\/product"}],"about":[{"href":"https:\/\/productoorganicos.com.mx\/index.php\/wp-json\/wp\/v2\/types\/product"}],"replies":[{"embeddable":true,"href":"https:\/\/productoorganicos.com.mx\/index.php\/wp-json\/wp\/v2\/comments?post=15962"}],"version-history":[{"count":3,"href":"https:\/\/productoorganicos.com.mx\/index.php\/wp-json\/wp\/v2\/product\/15962\/revisions"}],"predecessor-version":[{"id":16174,"href":"https:\/\/productoorganicos.com.mx\/index.php\/wp-json\/wp\/v2\/product\/15962\/revisions\/16174"}],"wp:featuredmedia":[{"embeddable":true,"href":"https:\/\/productoorganicos.com.mx\/index.php\/wp-json\/wp\/v2\/media\/16503"}],"wp:attachment":[{"href":"https:\/\/productoorganicos.com.mx\/index.php\/wp-json\/wp\/v2\/media?parent=15962"}],"wp:term":[{"taxonomy":"product_brand","embeddable":true,"href":"https:\/\/productoorganicos.com.mx\/index.php\/wp-json\/wp\/v2\/product_brand?post=15962"},{"taxonomy":"product_cat","embeddable":true,"href":"https:\/\/productoorganicos.com.mx\/index.php\/wp-json\/wp\/v2\/product_cat?post=15962"},{"taxonomy":"product_tag","embeddable":true,"href":"https:\/\/productoorganicos.com.mx\/index.php\/wp-json\/wp\/v2\/product_tag?post=15962"}],"curies":[{"name":"wp","href":"https:\/\/api.w.org\/{rel}","templated":true}]}}