{"id":16079,"date":"2024-07-05T04:23:46","date_gmt":"2024-07-05T04:23:46","guid":{"rendered":"https:\/\/productoorganicos.com.mx\/?post_type=product&#038;p=16079"},"modified":"2025-11-19T01:13:08","modified_gmt":"2025-11-19T01:13:08","slug":"acondicionador-coco-romero","status":"publish","type":"product","link":"https:\/\/productoorganicos.com.mx\/index.php\/producto\/acondicionador-coco-romero\/","title":{"rendered":"ACONDICIONADOR COCO-ROMERO"},"content":{"rendered":"<p>HIDRATACI\u00d3N PROFUNDA, El coco contiene \u00e1cidos grasos, calcio, magnesio, f\u00f3sforo, hierro, sodio, selenio, yodo, zinc, fl\u00faor, manganeso&#8230; y muchos m\u00e1s que contribuyen al cuidado de la hebra capilar y del cuero cabelludo y junto con el romero su misi\u00f3n ser\u00e1 dejarte un cabello suave, fuerte y sedoso.<\/p>\n<p>&nbsp;<\/p>\n<p><strong>Contenido: 90 g<\/strong><\/p>\n","protected":false},"excerpt":{"rendered":"<p>HIDRATACI\u00d3N PROFUNDA, El coco contiene \u00e1cidos grasos, calcio, magnesio, f\u00f3sforo, hierro, sodio, selenio, yodo, zinc, fl\u00faor, manganeso&#8230; y muchos m\u00e1s<\/p>\n","protected":false},"featured_media":16563,"comment_status":"open","ping_status":"closed","template":"","meta":{"_joinchat":[]},"product_brand":[],"product_cat":[75,72,77],"product_tag":[],"class_list":{"0":"post-16079","1":"product","2":"type-product","3":"status-publish","4":"has-post-thumbnail","6":"product_cat-acondicionador","7":"product_cat-cuidado-capilar","8":"product_cat-tienda","10":"first","11":"instock","12":"shipping-taxable","13":"purchasable","14":"product-type-simple"},"_links":{"self":[{"href":"https:\/\/productoorganicos.com.mx\/index.php\/wp-json\/wp\/v2\/product\/16079","targetHints":{"allow":["GET"]}}],"collection":[{"href":"https:\/\/productoorganicos.com.mx\/index.php\/wp-json\/wp\/v2\/product"}],"about":[{"href":"https:\/\/productoorganicos.com.mx\/index.php\/wp-json\/wp\/v2\/types\/product"}],"replies":[{"embeddable":true,"href":"https:\/\/productoorganicos.com.mx\/index.php\/wp-json\/wp\/v2\/comments?post=16079"}],"version-history":[{"count":3,"href":"https:\/\/productoorganicos.com.mx\/index.php\/wp-json\/wp\/v2\/product\/16079\/revisions"}],"predecessor-version":[{"id":16562,"href":"https:\/\/productoorganicos.com.mx\/index.php\/wp-json\/wp\/v2\/product\/16079\/revisions\/16562"}],"wp:featuredmedia":[{"embeddable":true,"href":"https:\/\/productoorganicos.com.mx\/index.php\/wp-json\/wp\/v2\/media\/16563"}],"wp:attachment":[{"href":"https:\/\/productoorganicos.com.mx\/index.php\/wp-json\/wp\/v2\/media?parent=16079"}],"wp:term":[{"taxonomy":"product_brand","embeddable":true,"href":"https:\/\/productoorganicos.com.mx\/index.php\/wp-json\/wp\/v2\/product_brand?post=16079"},{"taxonomy":"product_cat","embeddable":true,"href":"https:\/\/productoorganicos.com.mx\/index.php\/wp-json\/wp\/v2\/product_cat?post=16079"},{"taxonomy":"product_tag","embeddable":true,"href":"https:\/\/productoorganicos.com.mx\/index.php\/wp-json\/wp\/v2\/product_tag?post=16079"}],"curies":[{"name":"wp","href":"https:\/\/api.w.org\/{rel}","templated":true}]}}