{"id":16115,"date":"2024-07-05T05:00:53","date_gmt":"2024-07-05T05:00:53","guid":{"rendered":"https:\/\/productoorganicos.com.mx\/?post_type=product&#038;p=16115"},"modified":"2025-11-19T01:13:08","modified_gmt":"2025-11-19T01:13:08","slug":"exfoliante-fresas","status":"publish","type":"product","link":"https:\/\/productoorganicos.com.mx\/index.php\/producto\/exfoliante-fresas\/","title":{"rendered":"EXFOLIANTE FRESAS"},"content":{"rendered":"<p>Nuestros exfoliantes son \u00fanicos en su f\u00f3rmula, ya que est\u00e1n compuestos con una combinaci\u00f3n de sales, miel y cera de abeja. Estos elementos combinados con algunas plantas har\u00e1n magia en tu piel.<\/p>\n<p>Beneficios:<\/p>\n<ul>\n<li>Elimina las c\u00e9lulas muertas,<\/li>\n<li>Regula el efecto Dubl\u00edn de tu piel ayud\u00e1ndote a regresar el tono natural de piel<\/li>\n<li>Contrarresta las manchas o zonas oscuras de la piel<\/li>\n<li>Suaviza y humecta tu piel de una manera profunda, con apariencia luminosa e hidratada.<\/li>\n<\/ul>\n<p>&nbsp;<\/p>\n<p><strong>Contenido: 350 g<\/strong><\/p>\n","protected":false},"excerpt":{"rendered":"<p>Nuestros exfoliantes son \u00fanicos en su f\u00f3rmula, ya que est\u00e1n compuestos con una combinaci\u00f3n de sales, miel y cera de<\/p>\n","protected":false},"featured_media":16118,"comment_status":"open","ping_status":"closed","template":"","meta":{"_joinchat":[]},"product_brand":[],"product_cat":[71,80,77],"product_tag":[],"class_list":{"0":"post-16115","1":"product","2":"type-product","3":"status-publish","4":"has-post-thumbnail","6":"product_cat-cuidado-corporal","7":"product_cat-exfoliantes","8":"product_cat-tienda","10":"first","11":"instock","12":"shipping-taxable","13":"purchasable","14":"product-type-simple"},"_links":{"self":[{"href":"https:\/\/productoorganicos.com.mx\/index.php\/wp-json\/wp\/v2\/product\/16115","targetHints":{"allow":["GET"]}}],"collection":[{"href":"https:\/\/productoorganicos.com.mx\/index.php\/wp-json\/wp\/v2\/product"}],"about":[{"href":"https:\/\/productoorganicos.com.mx\/index.php\/wp-json\/wp\/v2\/types\/product"}],"replies":[{"embeddable":true,"href":"https:\/\/productoorganicos.com.mx\/index.php\/wp-json\/wp\/v2\/comments?post=16115"}],"version-history":[{"count":1,"href":"https:\/\/productoorganicos.com.mx\/index.php\/wp-json\/wp\/v2\/product\/16115\/revisions"}],"predecessor-version":[{"id":16119,"href":"https:\/\/productoorganicos.com.mx\/index.php\/wp-json\/wp\/v2\/product\/16115\/revisions\/16119"}],"wp:featuredmedia":[{"embeddable":true,"href":"https:\/\/productoorganicos.com.mx\/index.php\/wp-json\/wp\/v2\/media\/16118"}],"wp:attachment":[{"href":"https:\/\/productoorganicos.com.mx\/index.php\/wp-json\/wp\/v2\/media?parent=16115"}],"wp:term":[{"taxonomy":"product_brand","embeddable":true,"href":"https:\/\/productoorganicos.com.mx\/index.php\/wp-json\/wp\/v2\/product_brand?post=16115"},{"taxonomy":"product_cat","embeddable":true,"href":"https:\/\/productoorganicos.com.mx\/index.php\/wp-json\/wp\/v2\/product_cat?post=16115"},{"taxonomy":"product_tag","embeddable":true,"href":"https:\/\/productoorganicos.com.mx\/index.php\/wp-json\/wp\/v2\/product_tag?post=16115"}],"curies":[{"name":"wp","href":"https:\/\/api.w.org\/{rel}","templated":true}]}}