{"id":16120,"date":"2024-07-05T05:02:37","date_gmt":"2024-07-05T05:02:37","guid":{"rendered":"https:\/\/productoorganicos.com.mx\/?post_type=product&#038;p=16120"},"modified":"2025-11-19T01:13:08","modified_gmt":"2025-11-19T01:13:08","slug":"acondicionador-de-vino-cola-de-caballo","status":"publish","type":"product","link":"https:\/\/productoorganicos.com.mx\/index.php\/producto\/acondicionador-de-vino-cola-de-caballo\/","title":{"rendered":"ACONDICIONADOR DE VINO -COLA DE CABALLO"},"content":{"rendered":"<p><span data-sheets-root=\"1\">CERO FRIZZ Y CERO PUNTAS ABIERTAS.<\/span><\/p>\n<p><span data-sheets-root=\"1\">El Vino Tinto contiene antioxidantes que le permitir\u00e1n a tu cabello a mantener un mejor color, m\u00e1s brillo, m\u00e1s hidrataci\u00f3n y cero puntas abiertas. <\/span><\/p>\n<p><strong>Contenido: 90g<\/strong><\/p>\n","protected":false},"excerpt":{"rendered":"<p>CERO FRIZZ Y CERO PUNTAS ABIERTAS. El Vino Tinto contiene antioxidantes que le permitir\u00e1n a tu cabello a mantener un<\/p>\n","protected":false},"featured_media":16572,"comment_status":"open","ping_status":"closed","template":"","meta":{"_joinchat":[]},"product_brand":[],"product_cat":[75,72,77],"product_tag":[],"class_list":{"0":"post-16120","1":"product","2":"type-product","3":"status-publish","4":"has-post-thumbnail","6":"product_cat-acondicionador","7":"product_cat-cuidado-capilar","8":"product_cat-tienda","10":"first","11":"instock","12":"shipping-taxable","13":"purchasable","14":"product-type-simple"},"_links":{"self":[{"href":"https:\/\/productoorganicos.com.mx\/index.php\/wp-json\/wp\/v2\/product\/16120","targetHints":{"allow":["GET"]}}],"collection":[{"href":"https:\/\/productoorganicos.com.mx\/index.php\/wp-json\/wp\/v2\/product"}],"about":[{"href":"https:\/\/productoorganicos.com.mx\/index.php\/wp-json\/wp\/v2\/types\/product"}],"replies":[{"embeddable":true,"href":"https:\/\/productoorganicos.com.mx\/index.php\/wp-json\/wp\/v2\/comments?post=16120"}],"version-history":[{"count":1,"href":"https:\/\/productoorganicos.com.mx\/index.php\/wp-json\/wp\/v2\/product\/16120\/revisions"}],"predecessor-version":[{"id":16126,"href":"https:\/\/productoorganicos.com.mx\/index.php\/wp-json\/wp\/v2\/product\/16120\/revisions\/16126"}],"wp:featuredmedia":[{"embeddable":true,"href":"https:\/\/productoorganicos.com.mx\/index.php\/wp-json\/wp\/v2\/media\/16572"}],"wp:attachment":[{"href":"https:\/\/productoorganicos.com.mx\/index.php\/wp-json\/wp\/v2\/media?parent=16120"}],"wp:term":[{"taxonomy":"product_brand","embeddable":true,"href":"https:\/\/productoorganicos.com.mx\/index.php\/wp-json\/wp\/v2\/product_brand?post=16120"},{"taxonomy":"product_cat","embeddable":true,"href":"https:\/\/productoorganicos.com.mx\/index.php\/wp-json\/wp\/v2\/product_cat?post=16120"},{"taxonomy":"product_tag","embeddable":true,"href":"https:\/\/productoorganicos.com.mx\/index.php\/wp-json\/wp\/v2\/product_tag?post=16120"}],"curies":[{"name":"wp","href":"https:\/\/api.w.org\/{rel}","templated":true}]}}