{"id":16129,"date":"2024-07-05T05:10:58","date_gmt":"2024-07-05T05:10:58","guid":{"rendered":"https:\/\/productoorganicos.com.mx\/?post_type=product&#038;p=16129"},"modified":"2025-11-19T01:13:08","modified_gmt":"2025-11-19T01:13:08","slug":"cepillo-facial","status":"publish","type":"product","link":"https:\/\/productoorganicos.com.mx\/index.php\/producto\/cepillo-facial\/","title":{"rendered":"CEPILLO FACIAL"},"content":{"rendered":"<p>Es ideal para cutis medios y mixtos. Ayud\u00e1ndote a combatir el acn\u00e9 y tonificar tu cara minimizando las l\u00edneas de expresi\u00f3n. Te brindar\u00e1 una mayor oxigenaci\u00f3n a la piel y una mejor apariencia con piel exfoliada.<\/p>\n<p><strong>Contenido: 1 pieza (14cm)<\/strong><\/p>\n","protected":false},"excerpt":{"rendered":"<p>Es ideal para cutis medios y mixtos. Ayud\u00e1ndote a combatir el acn\u00e9 y tonificar tu cara minimizando las l\u00edneas de<\/p>\n","protected":false},"featured_media":16135,"comment_status":"open","ping_status":"closed","template":"","meta":{"_joinchat":[]},"product_brand":[],"product_cat":[86,77],"product_tag":[],"class_list":{"0":"post-16129","1":"product","2":"type-product","3":"status-publish","4":"has-post-thumbnail","6":"product_cat-cepillos-faciales","7":"product_cat-tienda","9":"first","10":"instock","11":"shipping-taxable","12":"purchasable","13":"product-type-simple"},"_links":{"self":[{"href":"https:\/\/productoorganicos.com.mx\/index.php\/wp-json\/wp\/v2\/product\/16129","targetHints":{"allow":["GET"]}}],"collection":[{"href":"https:\/\/productoorganicos.com.mx\/index.php\/wp-json\/wp\/v2\/product"}],"about":[{"href":"https:\/\/productoorganicos.com.mx\/index.php\/wp-json\/wp\/v2\/types\/product"}],"replies":[{"embeddable":true,"href":"https:\/\/productoorganicos.com.mx\/index.php\/wp-json\/wp\/v2\/comments?post=16129"}],"version-history":[{"count":1,"href":"https:\/\/productoorganicos.com.mx\/index.php\/wp-json\/wp\/v2\/product\/16129\/revisions"}],"predecessor-version":[{"id":16136,"href":"https:\/\/productoorganicos.com.mx\/index.php\/wp-json\/wp\/v2\/product\/16129\/revisions\/16136"}],"wp:featuredmedia":[{"embeddable":true,"href":"https:\/\/productoorganicos.com.mx\/index.php\/wp-json\/wp\/v2\/media\/16135"}],"wp:attachment":[{"href":"https:\/\/productoorganicos.com.mx\/index.php\/wp-json\/wp\/v2\/media?parent=16129"}],"wp:term":[{"taxonomy":"product_brand","embeddable":true,"href":"https:\/\/productoorganicos.com.mx\/index.php\/wp-json\/wp\/v2\/product_brand?post=16129"},{"taxonomy":"product_cat","embeddable":true,"href":"https:\/\/productoorganicos.com.mx\/index.php\/wp-json\/wp\/v2\/product_cat?post=16129"},{"taxonomy":"product_tag","embeddable":true,"href":"https:\/\/productoorganicos.com.mx\/index.php\/wp-json\/wp\/v2\/product_tag?post=16129"}],"curies":[{"name":"wp","href":"https:\/\/api.w.org\/{rel}","templated":true}]}}