{"id":16138,"date":"2024-07-05T05:21:21","date_gmt":"2024-07-05T05:21:21","guid":{"rendered":"https:\/\/productoorganicos.com.mx\/?post_type=product&#038;p=16138"},"modified":"2025-11-19T01:13:08","modified_gmt":"2025-11-19T01:13:08","slug":"shampoo-raiz","status":"publish","type":"product","link":"https:\/\/productoorganicos.com.mx\/index.php\/producto\/shampoo-raiz\/","title":{"rendered":"SHAMPOO RAIZ"},"content":{"rendered":"<div id=\"1401769eb0a4175dde9e13074bdb4cca\" class=\"error-span misspelling tooltipstered\" data-errorword=\"ANTICAIDA\"><span class=\"original-content\">ANTICAIDA. E<\/span>st\u00e1 inspirado a tratar uno de los problemas que mayormente tenemos la mayor\u00eda de las personas la ALOPECIA <span class=\"original-content\">AREATA. <\/span>La funci\u00f3n de este tratamiento no solo es detener la ca\u00edda capilar si no tambi\u00e9n ayudar a estimular el cuero cabelludo para que crezca m\u00e1s sano y fuerte. Este <span class=\"original-content\">shampoo <\/span>est\u00e1 elaborado con romero, cola de caballo, caf\u00e9, jengibre, cebolla blanca, cebolla morada entre otras plantas que espec\u00edficamente est\u00e1n enfocadas a detener la ca\u00edda del cabello y hacer que este crezca.<\/div>\n<p>&nbsp;<\/p>\n<p><strong>Contenido: 100 g<\/strong><\/p>\n","protected":false},"excerpt":{"rendered":"<p>ANTICAIDA. Est\u00e1 inspirado a tratar uno de los problemas que mayormente tenemos la mayor\u00eda de las personas la ALOPECIA AREATA.<\/p>\n","protected":false},"featured_media":16490,"comment_status":"open","ping_status":"closed","template":"","meta":{"_joinchat":[]},"product_brand":[],"product_cat":[72,74,77],"product_tag":[],"class_list":{"0":"post-16138","1":"product","2":"type-product","3":"status-publish","4":"has-post-thumbnail","6":"product_cat-cuidado-capilar","7":"product_cat-shampoo","8":"product_cat-tienda","10":"first","11":"instock","12":"shipping-taxable","13":"purchasable","14":"product-type-simple"},"_links":{"self":[{"href":"https:\/\/productoorganicos.com.mx\/index.php\/wp-json\/wp\/v2\/product\/16138","targetHints":{"allow":["GET"]}}],"collection":[{"href":"https:\/\/productoorganicos.com.mx\/index.php\/wp-json\/wp\/v2\/product"}],"about":[{"href":"https:\/\/productoorganicos.com.mx\/index.php\/wp-json\/wp\/v2\/types\/product"}],"replies":[{"embeddable":true,"href":"https:\/\/productoorganicos.com.mx\/index.php\/wp-json\/wp\/v2\/comments?post=16138"}],"version-history":[{"count":2,"href":"https:\/\/productoorganicos.com.mx\/index.php\/wp-json\/wp\/v2\/product\/16138\/revisions"}],"predecessor-version":[{"id":16489,"href":"https:\/\/productoorganicos.com.mx\/index.php\/wp-json\/wp\/v2\/product\/16138\/revisions\/16489"}],"wp:featuredmedia":[{"embeddable":true,"href":"https:\/\/productoorganicos.com.mx\/index.php\/wp-json\/wp\/v2\/media\/16490"}],"wp:attachment":[{"href":"https:\/\/productoorganicos.com.mx\/index.php\/wp-json\/wp\/v2\/media?parent=16138"}],"wp:term":[{"taxonomy":"product_brand","embeddable":true,"href":"https:\/\/productoorganicos.com.mx\/index.php\/wp-json\/wp\/v2\/product_brand?post=16138"},{"taxonomy":"product_cat","embeddable":true,"href":"https:\/\/productoorganicos.com.mx\/index.php\/wp-json\/wp\/v2\/product_cat?post=16138"},{"taxonomy":"product_tag","embeddable":true,"href":"https:\/\/productoorganicos.com.mx\/index.php\/wp-json\/wp\/v2\/product_tag?post=16138"}],"curies":[{"name":"wp","href":"https:\/\/api.w.org\/{rel}","templated":true}]}}