{"id":16150,"date":"2024-07-05T05:30:54","date_gmt":"2024-07-05T05:30:54","guid":{"rendered":"https:\/\/productoorganicos.com.mx\/?post_type=product&#038;p=16150"},"modified":"2025-11-19T01:13:08","modified_gmt":"2025-11-19T01:13:08","slug":"shampoo-menta-romero","status":"publish","type":"product","link":"https:\/\/productoorganicos.com.mx\/index.php\/producto\/shampoo-menta-romero\/","title":{"rendered":"SHAMPOO MENTA-ROMERO"},"content":{"rendered":"<div id=\"1401769eb0a4175dde9e13074bdb4cca\" class=\"error-span misspelling tooltipstered\" data-errorword=\"ANTICAIDA\">\n<div id=\"de91479fc93e358862731b8bf8e6064b\" class=\"error-span misspelling tooltipstered\" data-errorword=\"ANTICAIDA\"><span class=\"original-content\">ANTICAIDA<\/span>. La menta junto con el romero es una mezcla poderosa para estimular el crecimiento capilar y detener la ca\u00edda. Cient\u00edficamente est\u00e1 comprobado que la menta puede ser m\u00e1s beneficiosa para los caballeros, ya que regula su testosterona y la neutraliza, permiti\u00e9ndole al fol\u00edculo que crezca m\u00e1s fuerte.<\/div>\n<\/div>\n<p><strong>Contenido: 100 g<\/strong><\/p>\n","protected":false},"excerpt":{"rendered":"<p>ANTICAIDA. La menta junto con el romero es una mezcla poderosa para estimular el crecimiento capilar y detener la ca\u00edda.<\/p>\n","protected":false},"featured_media":16491,"comment_status":"open","ping_status":"closed","template":"","meta":{"_joinchat":[]},"product_brand":[],"product_cat":[72,74,77],"product_tag":[],"class_list":{"0":"post-16150","1":"product","2":"type-product","3":"status-publish","4":"has-post-thumbnail","6":"product_cat-cuidado-capilar","7":"product_cat-shampoo","8":"product_cat-tienda","10":"first","11":"instock","12":"shipping-taxable","13":"purchasable","14":"product-type-simple"},"_links":{"self":[{"href":"https:\/\/productoorganicos.com.mx\/index.php\/wp-json\/wp\/v2\/product\/16150","targetHints":{"allow":["GET"]}}],"collection":[{"href":"https:\/\/productoorganicos.com.mx\/index.php\/wp-json\/wp\/v2\/product"}],"about":[{"href":"https:\/\/productoorganicos.com.mx\/index.php\/wp-json\/wp\/v2\/types\/product"}],"replies":[{"embeddable":true,"href":"https:\/\/productoorganicos.com.mx\/index.php\/wp-json\/wp\/v2\/comments?post=16150"}],"version-history":[{"count":1,"href":"https:\/\/productoorganicos.com.mx\/index.php\/wp-json\/wp\/v2\/product\/16150\/revisions"}],"predecessor-version":[{"id":16155,"href":"https:\/\/productoorganicos.com.mx\/index.php\/wp-json\/wp\/v2\/product\/16150\/revisions\/16155"}],"wp:featuredmedia":[{"embeddable":true,"href":"https:\/\/productoorganicos.com.mx\/index.php\/wp-json\/wp\/v2\/media\/16491"}],"wp:attachment":[{"href":"https:\/\/productoorganicos.com.mx\/index.php\/wp-json\/wp\/v2\/media?parent=16150"}],"wp:term":[{"taxonomy":"product_brand","embeddable":true,"href":"https:\/\/productoorganicos.com.mx\/index.php\/wp-json\/wp\/v2\/product_brand?post=16150"},{"taxonomy":"product_cat","embeddable":true,"href":"https:\/\/productoorganicos.com.mx\/index.php\/wp-json\/wp\/v2\/product_cat?post=16150"},{"taxonomy":"product_tag","embeddable":true,"href":"https:\/\/productoorganicos.com.mx\/index.php\/wp-json\/wp\/v2\/product_tag?post=16150"}],"curies":[{"name":"wp","href":"https:\/\/api.w.org\/{rel}","templated":true}]}}