{"id":16200,"date":"2024-07-06T05:06:40","date_gmt":"2024-07-06T05:06:40","guid":{"rendered":"https:\/\/productoorganicos.com.mx\/?post_type=product&#038;p=16200"},"modified":"2025-11-19T01:13:08","modified_gmt":"2025-11-19T01:13:08","slug":"mascarilla-facial-lava-roja","status":"publish","type":"product","link":"https:\/\/productoorganicos.com.mx\/index.php\/producto\/mascarilla-facial-lava-roja\/","title":{"rendered":"MASCARILLA FACIAL LAVA ROJA"},"content":{"rendered":"<div id=\"1401769eb0a4175dde9e13074bdb4cca\" class=\"error-span misspelling tooltipstered\" data-errorword=\"ANTICAIDA\">\n<div id=\"de91479fc93e358862731b8bf8e6064b\" class=\"error-span misspelling tooltipstered\" data-errorword=\"ANTICAIDA\">ANTIS\u00c9PTICA Y REGENERADORA (PIEL MIXTA A GRASA) Esta mascarilla es excelente para tratar las espinillas y erupciones, ya que est\u00e1 hecha a base de cal\u00e9ndula, romero y t\u00e9 verde, que son muy buenos astringentes para combatir ese tipo de acn\u00e9 sin lastimar tu rostro.<\/div>\n<div data-errorword=\"ANTICAIDA\"><\/div>\n<div class=\"error-span misspelling tooltipstered\" data-errorword=\"ANTICAIDA\"><strong>Contenido: 250g<\/strong><\/div>\n<\/div>\n","protected":false},"excerpt":{"rendered":"<p>ANTIS\u00c9PTICA Y REGENERADORA (PIEL MIXTA A GRASA) Esta mascarilla es excelente para tratar las espinillas y erupciones, ya que est\u00e1<\/p>\n","protected":false},"featured_media":16203,"comment_status":"open","ping_status":"closed","template":"","meta":{"_joinchat":[]},"product_brand":[],"product_cat":[83,77],"product_tag":[],"class_list":{"0":"post-16200","1":"product","2":"type-product","3":"status-publish","4":"has-post-thumbnail","6":"product_cat-mascarillas-faciales","7":"product_cat-tienda","9":"first","10":"instock","11":"shipping-taxable","12":"purchasable","13":"product-type-simple"},"_links":{"self":[{"href":"https:\/\/productoorganicos.com.mx\/index.php\/wp-json\/wp\/v2\/product\/16200","targetHints":{"allow":["GET"]}}],"collection":[{"href":"https:\/\/productoorganicos.com.mx\/index.php\/wp-json\/wp\/v2\/product"}],"about":[{"href":"https:\/\/productoorganicos.com.mx\/index.php\/wp-json\/wp\/v2\/types\/product"}],"replies":[{"embeddable":true,"href":"https:\/\/productoorganicos.com.mx\/index.php\/wp-json\/wp\/v2\/comments?post=16200"}],"version-history":[{"count":1,"href":"https:\/\/productoorganicos.com.mx\/index.php\/wp-json\/wp\/v2\/product\/16200\/revisions"}],"predecessor-version":[{"id":16204,"href":"https:\/\/productoorganicos.com.mx\/index.php\/wp-json\/wp\/v2\/product\/16200\/revisions\/16204"}],"wp:featuredmedia":[{"embeddable":true,"href":"https:\/\/productoorganicos.com.mx\/index.php\/wp-json\/wp\/v2\/media\/16203"}],"wp:attachment":[{"href":"https:\/\/productoorganicos.com.mx\/index.php\/wp-json\/wp\/v2\/media?parent=16200"}],"wp:term":[{"taxonomy":"product_brand","embeddable":true,"href":"https:\/\/productoorganicos.com.mx\/index.php\/wp-json\/wp\/v2\/product_brand?post=16200"},{"taxonomy":"product_cat","embeddable":true,"href":"https:\/\/productoorganicos.com.mx\/index.php\/wp-json\/wp\/v2\/product_cat?post=16200"},{"taxonomy":"product_tag","embeddable":true,"href":"https:\/\/productoorganicos.com.mx\/index.php\/wp-json\/wp\/v2\/product_tag?post=16200"}],"curies":[{"name":"wp","href":"https:\/\/api.w.org\/{rel}","templated":true}]}}