{"id":16205,"date":"2024-07-06T05:13:02","date_gmt":"2024-07-06T05:13:02","guid":{"rendered":"https:\/\/productoorganicos.com.mx\/?post_type=product&#038;p=16205"},"modified":"2025-11-19T01:13:08","modified_gmt":"2025-11-19T01:13:08","slug":"mascarilla-facial-tierra-negra","status":"publish","type":"product","link":"https:\/\/productoorganicos.com.mx\/index.php\/producto\/mascarilla-facial-tierra-negra\/","title":{"rendered":"MASCARILLA FACIAL TIERRA NEGRA"},"content":{"rendered":"<div id=\"1401769eb0a4175dde9e13074bdb4cca\" class=\"error-span misspelling tooltipstered\" data-errorword=\"ANTICAIDA\">\n<div id=\"de91479fc93e358862731b8bf8e6064b\" class=\"error-span misspelling tooltipstered\" data-errorword=\"ANTICAIDA\">LIMPIEZA PROFUNDA (PIEL GRASA) Tierra negra est\u00e1 hecho especialmente para la piel gruesa y grasa. Trata el acn\u00e9 de una manera m\u00e1s agresiva para reducir la apariencia de los comelones, ya que el barro negro es un fuerte astringente y combin\u00e1ndolo con el romero, cal\u00e9ndula y lavanda har\u00e1n un gran mach para combatir las imperfecciones de la piel.<\/div>\n<div data-errorword=\"ANTICAIDA\"><\/div>\n<div class=\"error-span misspelling tooltipstered\" data-errorword=\"ANTICAIDA\"><strong>Contenido: 250g<\/strong><\/div>\n<\/div>\n","protected":false},"excerpt":{"rendered":"<p>LIMPIEZA PROFUNDA (PIEL GRASA) Tierra negra est\u00e1 hecho especialmente para la piel gruesa y grasa. Trata el acn\u00e9 de una<\/p>\n","protected":false},"featured_media":16208,"comment_status":"open","ping_status":"closed","template":"","meta":{"_joinchat":[]},"product_brand":[],"product_cat":[83,77],"product_tag":[],"class_list":{"0":"post-16205","1":"product","2":"type-product","3":"status-publish","4":"has-post-thumbnail","6":"product_cat-mascarillas-faciales","7":"product_cat-tienda","9":"first","10":"instock","11":"shipping-taxable","12":"purchasable","13":"product-type-simple"},"_links":{"self":[{"href":"https:\/\/productoorganicos.com.mx\/index.php\/wp-json\/wp\/v2\/product\/16205","targetHints":{"allow":["GET"]}}],"collection":[{"href":"https:\/\/productoorganicos.com.mx\/index.php\/wp-json\/wp\/v2\/product"}],"about":[{"href":"https:\/\/productoorganicos.com.mx\/index.php\/wp-json\/wp\/v2\/types\/product"}],"replies":[{"embeddable":true,"href":"https:\/\/productoorganicos.com.mx\/index.php\/wp-json\/wp\/v2\/comments?post=16205"}],"version-history":[{"count":1,"href":"https:\/\/productoorganicos.com.mx\/index.php\/wp-json\/wp\/v2\/product\/16205\/revisions"}],"predecessor-version":[{"id":16209,"href":"https:\/\/productoorganicos.com.mx\/index.php\/wp-json\/wp\/v2\/product\/16205\/revisions\/16209"}],"wp:featuredmedia":[{"embeddable":true,"href":"https:\/\/productoorganicos.com.mx\/index.php\/wp-json\/wp\/v2\/media\/16208"}],"wp:attachment":[{"href":"https:\/\/productoorganicos.com.mx\/index.php\/wp-json\/wp\/v2\/media?parent=16205"}],"wp:term":[{"taxonomy":"product_brand","embeddable":true,"href":"https:\/\/productoorganicos.com.mx\/index.php\/wp-json\/wp\/v2\/product_brand?post=16205"},{"taxonomy":"product_cat","embeddable":true,"href":"https:\/\/productoorganicos.com.mx\/index.php\/wp-json\/wp\/v2\/product_cat?post=16205"},{"taxonomy":"product_tag","embeddable":true,"href":"https:\/\/productoorganicos.com.mx\/index.php\/wp-json\/wp\/v2\/product_tag?post=16205"}],"curies":[{"name":"wp","href":"https:\/\/api.w.org\/{rel}","templated":true}]}}