{"id":16230,"date":"2024-07-06T05:42:36","date_gmt":"2024-07-06T05:42:36","guid":{"rendered":"https:\/\/productoorganicos.com.mx\/?post_type=product&#038;p=16230"},"modified":"2025-11-19T01:13:07","modified_gmt":"2025-11-19T01:13:07","slug":"jabon-facial-de-miel-con-avena","status":"publish","type":"product","link":"https:\/\/productoorganicos.com.mx\/index.php\/producto\/jabon-facial-de-miel-con-avena\/","title":{"rendered":"JABON FACIAL DE MIEL CON AVENA"},"content":{"rendered":"<div id=\"1401769eb0a4175dde9e13074bdb4cca\" class=\"error-span misspelling tooltipstered\" data-errorword=\"ANTICAIDA\">\n<div id=\"de91479fc93e358862731b8bf8e6064b\" class=\"error-span misspelling tooltipstered\" data-errorword=\"ANTICAIDA\">La miel con avena, es rica en propiedades que le aporta una nutrici\u00f3n completa a la piel, as\u00ed como una hidrataci\u00f3n profunda que ayuda a combatir el acn\u00e9.<\/div>\n<div data-errorword=\"ANTICAIDA\"><\/div>\n<div class=\"error-span misspelling tooltipstered\" data-errorword=\"ANTICAIDA\"><strong>Contenido: 90g<\/strong><\/div>\n<\/div>\n","protected":false},"excerpt":{"rendered":"<p>La miel con avena, es rica en propiedades que le aporta una nutrici\u00f3n completa a la piel, as\u00ed como una<\/p>\n","protected":false},"featured_media":16231,"comment_status":"open","ping_status":"closed","template":"","meta":{"_joinchat":[]},"product_brand":[],"product_cat":[82,77],"product_tag":[],"class_list":{"0":"post-16230","1":"product","2":"type-product","3":"status-publish","4":"has-post-thumbnail","6":"product_cat-jabones-faciales","7":"product_cat-tienda","9":"first","10":"instock","11":"shipping-taxable","12":"purchasable","13":"product-type-simple"},"_links":{"self":[{"href":"https:\/\/productoorganicos.com.mx\/index.php\/wp-json\/wp\/v2\/product\/16230","targetHints":{"allow":["GET"]}}],"collection":[{"href":"https:\/\/productoorganicos.com.mx\/index.php\/wp-json\/wp\/v2\/product"}],"about":[{"href":"https:\/\/productoorganicos.com.mx\/index.php\/wp-json\/wp\/v2\/types\/product"}],"replies":[{"embeddable":true,"href":"https:\/\/productoorganicos.com.mx\/index.php\/wp-json\/wp\/v2\/comments?post=16230"}],"version-history":[{"count":1,"href":"https:\/\/productoorganicos.com.mx\/index.php\/wp-json\/wp\/v2\/product\/16230\/revisions"}],"predecessor-version":[{"id":16234,"href":"https:\/\/productoorganicos.com.mx\/index.php\/wp-json\/wp\/v2\/product\/16230\/revisions\/16234"}],"wp:featuredmedia":[{"embeddable":true,"href":"https:\/\/productoorganicos.com.mx\/index.php\/wp-json\/wp\/v2\/media\/16231"}],"wp:attachment":[{"href":"https:\/\/productoorganicos.com.mx\/index.php\/wp-json\/wp\/v2\/media?parent=16230"}],"wp:term":[{"taxonomy":"product_brand","embeddable":true,"href":"https:\/\/productoorganicos.com.mx\/index.php\/wp-json\/wp\/v2\/product_brand?post=16230"},{"taxonomy":"product_cat","embeddable":true,"href":"https:\/\/productoorganicos.com.mx\/index.php\/wp-json\/wp\/v2\/product_cat?post=16230"},{"taxonomy":"product_tag","embeddable":true,"href":"https:\/\/productoorganicos.com.mx\/index.php\/wp-json\/wp\/v2\/product_tag?post=16230"}],"curies":[{"name":"wp","href":"https:\/\/api.w.org\/{rel}","templated":true}]}}