{"id":16235,"date":"2024-07-06T05:56:58","date_gmt":"2024-07-06T05:56:58","guid":{"rendered":"https:\/\/productoorganicos.com.mx\/?post_type=product&#038;p=16235"},"modified":"2025-11-19T01:13:07","modified_gmt":"2025-11-19T01:13:07","slug":"acondicionador-de-citricos-con-miel","status":"publish","type":"product","link":"https:\/\/productoorganicos.com.mx\/index.php\/producto\/acondicionador-de-citricos-con-miel\/","title":{"rendered":"ACONDICIONADOR DE CITRICOS CON MIEL"},"content":{"rendered":"<div id=\"1401769eb0a4175dde9e13074bdb4cca\" class=\"error-span misspelling tooltipstered\" data-errorword=\"ANTICAIDA\">\n<div id=\"de91479fc93e358862731b8bf8e6064b\" class=\"error-span misspelling tooltipstered\" data-errorword=\"ANTICAIDA\">PARA CABELLOS CASTA\u00d1OS, Este tratamiento es perfecto para mantener los cabellos claros o en su estado natural. Ayuda mucho a tratar las fibras capilares dej\u00e1ndolas m\u00e1s suaves e hidratadas, su alto contenido de antioxidantes fortalecen r\u00e1pidamente el tono de cada uno de ellos ayudando con el tiempo a prevenir la aparici\u00f3n de canas.<\/div>\n<div data-errorword=\"ANTICAIDA\"><\/div>\n<div class=\"error-span misspelling tooltipstered\" data-errorword=\"ANTICAIDA\"><strong>Contenido: 90g<\/strong><\/div>\n<\/div>\n","protected":false},"excerpt":{"rendered":"<p>PARA CABELLOS CASTA\u00d1OS, Este tratamiento es perfecto para mantener los cabellos claros o en su estado natural. Ayuda mucho a<\/p>\n","protected":false},"featured_media":16567,"comment_status":"open","ping_status":"closed","template":"","meta":{"_joinchat":[]},"product_brand":[],"product_cat":[75,77],"product_tag":[],"class_list":{"0":"post-16235","1":"product","2":"type-product","3":"status-publish","4":"has-post-thumbnail","6":"product_cat-acondicionador","7":"product_cat-tienda","9":"first","10":"instock","11":"shipping-taxable","12":"purchasable","13":"product-type-simple"},"_links":{"self":[{"href":"https:\/\/productoorganicos.com.mx\/index.php\/wp-json\/wp\/v2\/product\/16235","targetHints":{"allow":["GET"]}}],"collection":[{"href":"https:\/\/productoorganicos.com.mx\/index.php\/wp-json\/wp\/v2\/product"}],"about":[{"href":"https:\/\/productoorganicos.com.mx\/index.php\/wp-json\/wp\/v2\/types\/product"}],"replies":[{"embeddable":true,"href":"https:\/\/productoorganicos.com.mx\/index.php\/wp-json\/wp\/v2\/comments?post=16235"}],"version-history":[{"count":3,"href":"https:\/\/productoorganicos.com.mx\/index.php\/wp-json\/wp\/v2\/product\/16235\/revisions"}],"predecessor-version":[{"id":16238,"href":"https:\/\/productoorganicos.com.mx\/index.php\/wp-json\/wp\/v2\/product\/16235\/revisions\/16238"}],"wp:featuredmedia":[{"embeddable":true,"href":"https:\/\/productoorganicos.com.mx\/index.php\/wp-json\/wp\/v2\/media\/16567"}],"wp:attachment":[{"href":"https:\/\/productoorganicos.com.mx\/index.php\/wp-json\/wp\/v2\/media?parent=16235"}],"wp:term":[{"taxonomy":"product_brand","embeddable":true,"href":"https:\/\/productoorganicos.com.mx\/index.php\/wp-json\/wp\/v2\/product_brand?post=16235"},{"taxonomy":"product_cat","embeddable":true,"href":"https:\/\/productoorganicos.com.mx\/index.php\/wp-json\/wp\/v2\/product_cat?post=16235"},{"taxonomy":"product_tag","embeddable":true,"href":"https:\/\/productoorganicos.com.mx\/index.php\/wp-json\/wp\/v2\/product_tag?post=16235"}],"curies":[{"name":"wp","href":"https:\/\/api.w.org\/{rel}","templated":true}]}}