{"id":16253,"date":"2024-07-07T03:59:01","date_gmt":"2024-07-07T03:59:01","guid":{"rendered":"https:\/\/productoorganicos.com.mx\/?post_type=product&#038;p=16253"},"modified":"2025-11-19T01:13:07","modified_gmt":"2025-11-19T01:13:07","slug":"mascarilla-capilar-de-citricos","status":"publish","type":"product","link":"https:\/\/productoorganicos.com.mx\/index.php\/producto\/mascarilla-capilar-de-citricos\/","title":{"rendered":"MASCARILLA CAPILAR DE CITRICOS"},"content":{"rendered":"<p>M\u00c1S HIDRATACI\u00d3N. Conoce la mascarilla de c\u00edtricos y disfruta de todos los nutrientes que le puede brindar a tu cabello, d\u00e1ndole m\u00e1s brillo y sedosidad. Contiene un efecto beneficioso sobre el cuero cabelludo, fortaleciendo los fol\u00edculos pilosos y estimul\u00e1ndolos para hacer crecer cabello nuevo.<\/p>\n<p>&nbsp;<\/p>\n<p><strong>Contenido: 30 g<\/strong><\/p>\n","protected":false},"excerpt":{"rendered":"<p>M\u00c1S HIDRATACI\u00d3N. Conoce la mascarilla de c\u00edtricos y disfruta de todos los nutrientes que le puede brindar a tu cabello,<\/p>\n","protected":false},"featured_media":16255,"comment_status":"open","ping_status":"closed","template":"","meta":{"_joinchat":[]},"product_brand":[],"product_cat":[76,77],"product_tag":[],"class_list":{"0":"post-16253","1":"product","2":"type-product","3":"status-publish","4":"has-post-thumbnail","6":"product_cat-mascarillas-capilares","7":"product_cat-tienda","9":"first","10":"instock","11":"shipping-taxable","12":"purchasable","13":"product-type-simple"},"_links":{"self":[{"href":"https:\/\/productoorganicos.com.mx\/index.php\/wp-json\/wp\/v2\/product\/16253","targetHints":{"allow":["GET"]}}],"collection":[{"href":"https:\/\/productoorganicos.com.mx\/index.php\/wp-json\/wp\/v2\/product"}],"about":[{"href":"https:\/\/productoorganicos.com.mx\/index.php\/wp-json\/wp\/v2\/types\/product"}],"replies":[{"embeddable":true,"href":"https:\/\/productoorganicos.com.mx\/index.php\/wp-json\/wp\/v2\/comments?post=16253"}],"version-history":[{"count":2,"href":"https:\/\/productoorganicos.com.mx\/index.php\/wp-json\/wp\/v2\/product\/16253\/revisions"}],"predecessor-version":[{"id":16604,"href":"https:\/\/productoorganicos.com.mx\/index.php\/wp-json\/wp\/v2\/product\/16253\/revisions\/16604"}],"wp:featuredmedia":[{"embeddable":true,"href":"https:\/\/productoorganicos.com.mx\/index.php\/wp-json\/wp\/v2\/media\/16255"}],"wp:attachment":[{"href":"https:\/\/productoorganicos.com.mx\/index.php\/wp-json\/wp\/v2\/media?parent=16253"}],"wp:term":[{"taxonomy":"product_brand","embeddable":true,"href":"https:\/\/productoorganicos.com.mx\/index.php\/wp-json\/wp\/v2\/product_brand?post=16253"},{"taxonomy":"product_cat","embeddable":true,"href":"https:\/\/productoorganicos.com.mx\/index.php\/wp-json\/wp\/v2\/product_cat?post=16253"},{"taxonomy":"product_tag","embeddable":true,"href":"https:\/\/productoorganicos.com.mx\/index.php\/wp-json\/wp\/v2\/product_tag?post=16253"}],"curies":[{"name":"wp","href":"https:\/\/api.w.org\/{rel}","templated":true}]}}